{"id":523,"date":"2025-03-02T18:28:30","date_gmt":"2025-03-02T17:28:30","guid":{"rendered":"https:\/\/rnst-propagandart.com\/?page_id=523"},"modified":"2025-12-18T02:52:42","modified_gmt":"2025-12-18T01:52:42","slug":"rechtliche-hinweise","status":"publish","type":"page","link":"https:\/\/rnst-propagandart.com\/de\/mentions-legales\/","title":{"rendered":"Rechtliche Hinweise"},"content":{"rendered":"<!--themify_builder_content-->\n<div id=\"themify_builder_content-523\" data-postid=\"523\" class=\"themify_builder_content themify_builder_content-523 themify_builder tf_clear\">\n                    <div  data-lazy=\"1\" class=\"module_row themify_builder_row tb_dl3y478 tb_first tf_w\">\n                        <div class=\"row_inner col_align_top tb_col_count_1 tf_box tf_rel\">\n                        <div  data-lazy=\"1\" class=\"module_column tb-column col-full tb_1v6n478 first\">\n                    <!-- module text -->\n<div  class=\"module module-text tb_8q47907\" data-lazy=\"1\">\n        <div  class=\"tb_text_wrap\">\n        <h1>RECHTLICHE HINWEISE<\/h1>    <\/div>\n<\/div>\n<!-- \/module text -->        <\/div>\n                        <\/div>\n        <\/div>\n                        <div  data-lazy=\"1\" class=\"module_row themify_builder_row tb_me6h742 tf_w\">\n                        <div class=\"row_inner col_align_top tb_col_count_1 tf_box tf_rel\">\n                        <div  data-lazy=\"1\" class=\"module_column tb-column col-full tb_jel8742 first\">\n                    <!-- module text -->\n<div  class=\"module module-text tb_a0kk742\" data-lazy=\"1\">\n        <div  class=\"tb_text_wrap\">\n        <h5><br>Bitte lesen Sie die verschiedenen Nutzungsbedingungen dieser Website aufmerksam durch, bevor Sie sich auf den Seiten umsehen. Wenn Sie sich auf dieser Website einloggen, akzeptieren Sie die vorliegenden Bedingungen vorbehaltlos. Gem\u00e4\u00df Artikel 6 des Gesetzes Nr. 2004-575 vom 21. Juni 2004 \u00fcber das Vertrauen in die digitale Wirtschaft sind die Verantwortlichen f\u00fcr die Website rnst-propagandart.com:<\/h5>\n<h3><br>FRAGMENT ART<\/h3>\n<p>Name der Gesellschaft: FRAGMENT <br>Rechtsform: EURL<br>Stammkapital: 1000 \u20ac<br>Hauptsitz: 265 route des Bartelins 73100 Pugny Chatenod<br>RCS \/ SIREN: 98258207400018<\/p>\n<p>E-Mail: contact@fragment-art.com<br>Website: fragment-art.com<\/p>\n<h3>Unterbringung :<\/h3>\n<p>OVH - 2 rue Kellermann - 59100 Roubaix - Frankreich<br>Website: www.ovh.com<\/p>\n<h3>Entwicklung :<\/h3>\n<p>Webdesign : Aur\u00e9lie MZK - aurelie-mzk.com<\/p>\n<p>\u00a0<\/p>\n<p>\u00a0<\/p>    <\/div>\n<\/div>\n<!-- \/module text -->        <\/div>\n                        <\/div>\n        <\/div>\n        <\/div>\n<!--\/themify_builder_content-->","protected":false},"excerpt":{"rendered":"<p>MENTIONS LEGALES Merci de lire avec attention les diff\u00e9rentes modalit\u00e9s d\u2019utilisation du pr\u00e9sent site avant d\u2019y parcourir ses pages. En vous connectant sur ce site, vous acceptez sans r\u00e9serves les pr\u00e9sentes modalit\u00e9s. Aussi, conform\u00e9ment \u00e0 l\u2019article n\u00b06 de la Loi n\u00b02004-575 du 21 Juin 2004 pour la confiance dans l\u2019\u00e9conomie num\u00e9rique, les responsables du pr\u00e9sent [&hellip;]<\/p>\n","protected":false},"author":1,"featured_media":1805,"parent":0,"menu_order":0,"comment_status":"closed","ping_status":"closed","template":"","meta":{"_monsterinsights_skip_tracking":false,"_monsterinsights_sitenote_active":false,"_monsterinsights_sitenote_note":"","_monsterinsights_sitenote_category":0,"footnotes":""},"class_list":["post-523","page","type-page","status-publish","has-post-thumbnail","hentry","has-post-title","has-post-date","has-post-category","has-post-tag","has-post-comment","has-post-author",""],"builder_content":"<h1>MENTIONS LEGALES<\/h1>\n<h5><br>Merci de lire avec attention les diff\u00e9rentes modalit\u00e9s d\u2019utilisation du pr\u00e9sent site avant d\u2019y parcourir ses pages. En vous connectant sur ce site, vous acceptez sans r\u00e9serves les pr\u00e9sentes modalit\u00e9s. Aussi, conform\u00e9ment \u00e0 l\u2019article n\u00b06 de la Loi n\u00b02004-575 du 21 Juin 2004 pour la confiance dans l\u2019\u00e9conomie num\u00e9rique, les responsables du pr\u00e9sent site internet rnst-propagandart.com sont :<\/h5> <h3><br>FRAGMENT ART<\/h3> <p>D\u00e9nomination sociale : FRAGMENT <br>Forme juridique : EURL<br>Capital social : 1000 \u20ac<br>Si\u00e8ge social : 265 route des Bartelins 73100 Pugny Chatenod<br>RCS \/ SIREN : 98258207400018<\/p> <p>Email : contact@fragment-art.com<br>Site web : fragment-art.com<\/p> <h3>H\u00e9bergement :<\/h3> <p>OVH \u2013 2 rue Kellermann \u2013 59100 Roubaix \u2013 France<br>Site Web : www.ovh.com<\/p> <h3>D\u00e9veloppement :<\/h3> <p>Web design : Aur\u00e9lie MZK \u2013 aurelie-mzk.com<\/p> <p>\u00a0<\/p> <p>\u00a0<\/p>","_links":{"self":[{"href":"https:\/\/rnst-propagandart.com\/de\/wp-json\/wp\/v2\/pages\/523","targetHints":{"allow":["GET"]}}],"collection":[{"href":"https:\/\/rnst-propagandart.com\/de\/wp-json\/wp\/v2\/pages"}],"about":[{"href":"https:\/\/rnst-propagandart.com\/de\/wp-json\/wp\/v2\/types\/page"}],"author":[{"embeddable":true,"href":"https:\/\/rnst-propagandart.com\/de\/wp-json\/wp\/v2\/users\/1"}],"replies":[{"embeddable":true,"href":"https:\/\/rnst-propagandart.com\/de\/wp-json\/wp\/v2\/comments?post=523"}],"version-history":[{"count":5,"href":"https:\/\/rnst-propagandart.com\/de\/wp-json\/wp\/v2\/pages\/523\/revisions"}],"predecessor-version":[{"id":2063,"href":"https:\/\/rnst-propagandart.com\/de\/wp-json\/wp\/v2\/pages\/523\/revisions\/2063"}],"wp:featuredmedia":[{"embeddable":true,"href":"https:\/\/rnst-propagandart.com\/de\/wp-json\/wp\/v2\/media\/1805"}],"wp:attachment":[{"href":"https:\/\/rnst-propagandart.com\/de\/wp-json\/wp\/v2\/media?parent=523"}],"curies":[{"name":"wp","href":"https:\/\/api.w.org\/{rel}","templated":true}]}}