{"id":821,"date":"2025-12-10T05:39:24","date_gmt":"2025-12-10T04:39:24","guid":{"rendered":"https:\/\/rnst-propagandart.com\/?page_id=821"},"modified":"2025-12-18T02:58:48","modified_gmt":"2025-12-18T01:58:48","slug":"rucksendungen-austausche","status":"publish","type":"page","link":"https:\/\/rnst-propagandart.com\/de\/retours-echanges\/","title":{"rendered":"Feedback und Austausch"},"content":{"rendered":"<!--themify_builder_content-->\n<div id=\"themify_builder_content-821\" data-postid=\"821\" class=\"themify_builder_content themify_builder_content-821 themify_builder tf_clear\">\n                    <div  data-lazy=\"1\" class=\"module_row themify_builder_row tb_dl3y478 tb_first tf_w\">\n            <span  class=\"builder_row_cover tf_abs\" data-lazy=\"1\"><\/span>            <div class=\"row_inner col_align_top tb_col_count_1 tf_box tf_rel\">\n                        <div  data-lazy=\"1\" class=\"module_column tb-column col-full tb_1v6n478 first\">\n                    <!-- module text -->\n<div  class=\"module module-text tb_8q47907\" data-lazy=\"1\">\n        <div  class=\"tb_text_wrap\">\n        <h2>R\u00dcCKMELDUNGEN UND AUSTAUSCH<\/h2>    <\/div>\n<\/div>\n<!-- \/module text -->        <\/div>\n                        <\/div>\n        <\/div>\n                        <div  data-lazy=\"1\" class=\"module_row themify_builder_row tb_xijj719 tf_w\">\n                        <div class=\"row_inner col_align_top tb_col_count_1 tf_box tf_rel\">\n                        <div  data-lazy=\"1\" class=\"module_column tb-column col-full tb_qhp6719 first\">\n                    <!-- module text -->\n<div  class=\"module module-text tb_ashc719\" data-lazy=\"1\">\n        <div  class=\"tb_text_wrap\">\n        <h3>1. Einen Antrag auf R\u00fcckkehr stellen<\/h3>\n<p>Bevor Sie eine R\u00fccksendung vornehmen, m\u00fcssen Sie sich unbedingt mit unserem Kundenservice in Verbindung setzen, damit wir Ihre Anfrage gemeinsam best\u00e4tigen k\u00f6nnen.<br>Hierf\u00fcr werden Sie von unserem Team um zus\u00e4tzliche Informationen und Dokumente gebeten. Nach Erhalt dieser Elemente wird unser Team Ihnen best\u00e4tigen, ob die R\u00fccksendung angenommen werden kann. Pakete, die ohne vorherige Anfrage verschickt werden, k\u00f6nnen nicht bearbeitet oder angenommen werden.<\/p>\n<p>Sie haben nach Erhalt Ihrer Bestellung 14 Tage Zeit, um diesen Antrag zu stellen.<\/p>\n<p>Bei Ihrer Bewerbung :<br>- Der Grund f\u00fcr die R\u00fccksendung ist obligatorisch.<br>- Der Antrag muss vor der R\u00fccksendung von unseren Mitarbeitern best\u00e4tigt werden.<\/p>\n<h3>2. Bedingungen f\u00fcr die Annahme der R\u00fccksendung<\/h3>\n<p>Sobald Ihr Antrag von unseren Teams best\u00e4tigt wurde, k\u00f6nnen Sie Ihr Paket unter Beachtung der folgenden Regeln zur\u00fcckschicken:<br>- Das Paket muss zwingend die Nummer Ihrer Bestellung (Papier, Notiz oder Druck) enthalten.<br>- Die Produkte m\u00fcssen neu, ungetragen, ungewaschen und mit intakten Etiketten sein.<br>- Die Kosten f\u00fcr die R\u00fccksendung tr\u00e4gt der Kunde (au\u00dfer bei Fehlern, die RNST-PROPAGANDART zuzuschreiben sind).<br>- Jedes Paket, das ohne vorherige Best\u00e4tigung oder ohne Bestellnummer verschickt wird, kann abgelehnt oder nicht bearbeitet werden.<br><br>Unerlaubte oder nicht identifizierbare R\u00fccksendungen k\u00f6nnen nicht angenommen werden.<br>Sobald Ihr Paket bei uns eingegangen ist, wird unser Logistikteam eine \u00dcberpr\u00fcfung des Zustands der Produkte vornehmen. Die R\u00fcckerstattung wird dann innerhalb von maximal 14 Werktagen ausgel\u00f6st und die R\u00fccksendekosten werden vom erstatteten Betrag abgezogen.<\/p>\n<h3>3. Widerrufsrecht (rechtliche Informationen)<\/h3>\n<p>Gem\u00e4\u00df den Artikeln L221-18 ff. des Verbraucherschutzgesetzes haben Sie eine gesetzliche Frist von 14 Tagen ab Erhalt Ihrer Bestellung, um Ihr Widerrufsrecht auszu\u00fcben.<br>Dieses Recht erlaubt eine R\u00fcckerstattung, vorausgesetzt, dass :<br>- Der Artikel wurde nicht getragen, anprobiert oder gewaschen,<br>- Der Artikel strikt unausgepackt und mit intakter Originalverpackung ist,<br>- Sie schickten eine formelle Anfrage nur per E-Mail: <a href=\"mailto:contact@rnst-propagandart.com\"><strong>contact@rnst-propagandart.com<\/strong><\/a><br>- Sie das unten stehende Widerrufsformular oder eine eindeutige Erkl\u00e4rung verwendet haben.<br>Das Widerrufsrecht sollte nicht dazu genutzt werden, einen Artikel anzuprobieren.<br>Die Kosten f\u00fcr die R\u00fccksendung tr\u00e4gt der Kunde (au\u00dfer bei Fehlern, die RNST-PROPAGANDART zuzuschreiben sind).<br>Die R\u00fcckerstattung umfasst die zur\u00fcckgegebenen Artikel sowie die urspr\u00fcnglichen Standardversandkosten.<br>Sie wird innerhalb von 14 Tagen nach Erhalt und Kontrolle der R\u00fccksendung durchgef\u00fchrt.<\/p>\n<p><strong style=\"color: #292929;\">Widerrufsformular :<\/strong><\/p>\n<p>Zum Kopieren und Einf\u00fcgen und per E-Mail senden an <a href=\"mailto:contact@rnst-propagandart.com\"><strong style=\"caret-color: #000000; color: #000000; letter-spacing: normal;\">contact@rnst-propagandart.com<\/strong><\/a><\/p>\n<p>Ich teile Ihnen hiermit meinen Widerruf des Vertrags \u00fcber die Bestellung mit:<br>Bestellnummer : ___________<br>Erhalten am : ___ \/ ___ \/ 20__<br>Name: ___________<br>Adresse: ___________<br>Betroffene Produkte : ___________<br>Datum des Antrags : ___ \/ ___ \/ 20__<\/p>\n<h3>4. Ausverkaufte Produkte und limitierte Editionen, Kunstpakete<\/h3>\n<p>Ausverkaufte Produkte, limitierte Editionen und Kunstwerke werden weder zur\u00fcckgenommen noch umgetauscht.<\/p>\n<h3>5. Adresse f\u00fcr die R\u00fccksendung<\/h3>\n<p>Fragment<br>265 route des Bartelins<br>73100 Pugny Chatenod<br>Frankreich<\/p>\n<p>Bitte warten Sie vor dem Versenden, bis Ihre Anfrage best\u00e4tigt wurde.<\/p>\n<h3>6. Brauchen Sie Hilfe?<\/h3>\n<p>Unser Kundenservice steht Ihnen per E-Mail zur Verf\u00fcgung, wenn Sie Fragen zu Ihrer R\u00fcckgabe oder Ihrem Umtausch haben. Kontaktieren Sie uns unter dieser E-Mail-Adresse :\u00a0<strong style=\"caret-color: #000000; color: #000000; letter-spacing: normal;\">contact@rnst-propagandart.com<\/strong><\/p>\n<h4>Was kann ich tun, wenn bei meiner Bestellung etwas nicht stimmt?<\/h4>\n<p>Zun\u00e4chst einmal m\u00f6chten wir uns entschuldigen, wenn Ihre Erfahrung mit der Lieferung nicht den Erwartungen entsprochen hat. Jedes Paket wird sorgf\u00e4ltig vorbereitet, aber es kann immer etwas passieren, und wir sind da, um Sie zu unterst\u00fctzen. Je nachdem, welcher Fall eingetreten ist, gehen Sie wie folgt vor:<br><br><span style=\"color: #292929;\"><strong>In meinem Paket fehlt ein Produkt<\/strong><\/span><\/p>\n<p>\u00dcberpr\u00fcfen Sie zun\u00e4chst Ihre Rechnung, die Sie in Ihrer E-Mail mit der Bestellbest\u00e4tigung erhalten haben.<br>Wenn ein Artikel fehlt, ohne dass dies in der Versandmail erw\u00e4hnt wird, kontaktieren Sie uns \u00fcber unser <strong><a href=\"https:\/\/rnst-propagandart.com\/de\/kontakt\/\">Kontaktformular<\/a><\/strong> unter Angabe von :<br>- Die Bestellnummer<br>- Das fehlende Produkt<br>- Ein Foto des Inhalts des erhaltenen Pakets<br>Wir werden Ihnen schnell mit einer passenden L\u00f6sung antworten<\/p>\n<p><span style=\"color: #292929;\"><strong>Mein Paket kam besch\u00e4digt an<\/strong><\/span><\/p>\n<p>Machen Sie innerhalb von 48 Stunden nach Erhalt der Bestellung Fotos des Pakets mit den folgenden Bildern:<br>- Festgestellte Sch\u00e4den am Produkt<br>- Das Innere des Pakets<br>- Die Au\u00dfenseite des Pakets<br>- Die Au\u00dfenseite des Pakets mit dem gut lesbaren Versandaufkleber<br><br>Schicken Sie sie uns \u00fcber das <strong><a href=\"https:\/\/rnst-propagandart.com\/de\/kontakt\/\">Kontaktformular<\/a><\/strong> mit Ihrer Bestellnummer.<br>So k\u00f6nnen wir eine Untersuchung bei dem Transportunternehmen einleiten und Ihnen so schnell wie m\u00f6glich eine L\u00f6sung anbieten.<\/p>\n<p><span style=\"color: #292929;\"><strong>Das Produkt scheint defekt zu sein oder weist einen Mangel auf<\/strong><\/span><\/p>\n<p>Bitte \u00fcbermitteln Sie uns :<br>- Ein Foto des betreffenden Produkts<br>- Eine Beschreibung des aufgetretenen Problems<br>Unser Team wird die Situation analysieren, um die Qualit\u00e4t Ihrer Erfahrung zu gew\u00e4hrleisten.<\/p>\n<p>All diese Elemente sind unerl\u00e4sslich, damit wir eine Untersuchung beim Transportunternehmen einleiten und schnell eine L\u00f6sung finden k\u00f6nnen.<\/p>    <\/div>\n<\/div>\n<!-- \/module text -->        <\/div>\n                        <\/div>\n        <\/div>\n        <\/div>\n<!--\/themify_builder_content-->","protected":false},"excerpt":{"rendered":"<p>RETOURS ET \u00c9CHANGES 1. Faire une demande de retour Avant d\u2019effectuer un retour, il est indispensable de contacter notre service client afin que nous puissions valider ensemble votre demande. Pour cela, il vous sera demand\u00e9 des informations et documents suppl\u00e9mentaires par notre \u00e9quipe. D\u00e8s r\u00e9ception de ces \u00e9l\u00e9ments, notre \u00e9quipe vous confirmera si le retour [&hellip;]<\/p>\n","protected":false},"author":1,"featured_media":1805,"parent":0,"menu_order":0,"comment_status":"closed","ping_status":"closed","template":"","meta":{"_monsterinsights_skip_tracking":false,"_monsterinsights_sitenote_active":false,"_monsterinsights_sitenote_note":"","_monsterinsights_sitenote_category":0,"footnotes":""},"class_list":["post-821","page","type-page","status-publish","has-post-thumbnail","hentry","has-post-title","has-post-date","has-post-category","has-post-tag","has-post-comment","has-post-author",""],"builder_content":"<h2>RETOURS ET \u00c9CHANGES<\/h2>\n<h3>1. Faire une demande de retour<\/h3> <p>Avant d\u2019effectuer un retour, il est indispensable de contacter notre service client afin que nous puissions valider ensemble votre demande.<br>Pour cela, il vous sera demand\u00e9 des informations et documents suppl\u00e9mentaires par notre \u00e9quipe. D\u00e8s r\u00e9ception de ces \u00e9l\u00e9ments, notre \u00e9quipe vous confirmera si le retour peut \u00eatre accept\u00e9. Aucun colis envoy\u00e9 sans demande pr\u00e9alable ne pourra \u00eatre trait\u00e9 ou accept\u00e9.<\/p> <p>Vous disposez de 14 jours apr\u00e8s r\u00e9ception de votre commande pour effectuer cette demande.<\/p> <p>Lors de votre demande :<br>- Le motif du retour est obligatoire.<br>- La demande doit \u00eatre valid\u00e9e par nos \u00e9quipes avant tout renvoi.<\/p> <h3>2. Conditions d\u2019acceptation du retour<\/h3> <p>Une fois votre demande valid\u00e9e par nos \u00e9quipes, vous pouvez renvoyer votre colis en respectant les r\u00e8gles suivantes :<br>- Le colis doit obligatoirement contenir le num\u00e9ro de votre commande (papier, note ou impression).<br>- Les produits doivent \u00eatre neufs, non port\u00e9s, non lav\u00e9s, avec leurs \u00e9tiquettes intactes.<br>- Les frais de retour sont \u00e0 la charge du client (hors erreur imputable \u00e0 RNST-PROPAGANDART)<br>- Tout colis envoy\u00e9 sans validation pr\u00e9alable ou sans num\u00e9ro de commande pourra \u00eatre refus\u00e9 ou non trait\u00e9.<br><br>Aucun retour non autoris\u00e9 ou non identifiable ne pourra \u00eatre pris en charge.<br>Une fois votre colis re\u00e7u, notre \u00e9quipe logistique proc\u00e9dera \u00e0 une v\u00e9rification de l\u2019\u00e9tat des produits. Le remboursement sera ensuite d\u00e9clench\u00e9 dans un d\u00e9lai maximum de 14 jours ouvr\u00e9s et les frais de retour seront d\u00e9duits du montant rembours\u00e9.<\/p> <h3>3. Droit de r\u00e9tractation (information l\u00e9gale)<\/h3> <p>Conform\u00e9ment aux articles L221-18 et suivants du Code de la consommation, vous disposez d\u2019un d\u00e9lai l\u00e9gal de 14 jours \u00e0 compter de la r\u00e9ception de votre commande pour exercer votre droit de r\u00e9tractation.<br>Ce droit permet un remboursement, \u00e0 condition que :<br>- L\u2019article n\u2019ait pas \u00e9t\u00e9 port\u00e9, essay\u00e9 ou lav\u00e9,<br>- L\u2019article soit strictement non d\u00e9ball\u00e9, avec son emballage d\u2019origine intact,<br>- Vous envoyiez une demande formelle par email uniquement : <a href=\"mailto:contact@rnst-propagandart.com\"><strong>contact@rnst-propagandart.com<\/strong><\/a><br>- Vous utilisiez le formulaire de r\u00e9tractation ci-dessous ou une d\u00e9claration claire.<br>Le droit de r\u00e9tractation ne doit pas \u00eatre utilis\u00e9 pour essayer un article.<br>Les frais de retour sont \u00e0 la charge du client (hors erreur imputable \u00e0 RNST-PROPAGANDART).<br>Le remboursement inclut les articles retourn\u00e9s ainsi que les frais de livraison standard initiaux.<br>Il sera effectu\u00e9 dans un d\u00e9lai de 14 jours apr\u00e8s r\u00e9ception et contr\u00f4le du retour.<\/p> <p><strong style=\"color: #292929;\">Formulaire de r\u00e9tractation :<\/strong><\/p> <p>\u00c0 copier-coller et envoyer par email \u00e0 <a href=\"mailto:contact@rnst-propagandart.com\"><strong style=\"caret-color: #000000; color: #000000; letter-spacing: normal;\">contact@rnst-propagandart.com<\/strong><\/a><\/p> <p>Je vous notifie par la pr\u00e9sente ma r\u00e9tractation du contrat portant sur la commande :<br>Num\u00e9ro de commande : ___________<br>Re\u00e7ue le : ___ \/ ___ \/ 20__<br>Nom : ___________<br>Adresse : ___________<br>Produits concern\u00e9s : ___________<br>Date de la demande : ___ \/ ___ \/ 20__<\/p> <h3>4. Produits sold\u00e9s et les \u00e9ditions limit\u00e9es, coffrets \u0153uvre d\u2019art<\/h3> <p>Les produits sold\u00e9s et les \u00e9ditions limit\u00e9es, coffrets \u0153uvre d\u2019art ne sont ni repris ni \u00e9chang\u00e9s<\/p> <h3>5. Adresse de retour<\/h3> <p>Fragment<br>265 route des Bartelins<br>73100 Pugny Chatenod<br>France<\/p> <p>Veuillez attendre la validation de votre demande avant tout envoi.<\/p> <h3>6. Besoin d\u2019aide ?<\/h3> <p>Notre service client est disponible \u00e0 email pour toute question relative \u00e0 vos retours ou \u00e9changes. Contactez-nous \u00e0 cette adresse mail :\u00a0<strong style=\"caret-color: #000000; color: #000000; letter-spacing: normal;\">contact@rnst-propagandart.com<\/strong><\/p> <h4>Comment puis-je faire si ma commande pr\u00e9sente un souci ?<\/h4> <p>D\u2019abord toutes nos excuses si votre exp\u00e9rience de livraison n\u2019a pas \u00e9t\u00e9 \u00e0 la hauteur. Chaque colis est pr\u00e9par\u00e9 avec soin, mais un al\u00e9a peut toujours survenir et nous sommes l\u00e0 pour vous accompagner. Voici la marche \u00e0 suivre selon le cas rencontr\u00e9 :<br><br><strong>Il manque un produit dans mon colis<\/strong><\/p> <p>Tout d'abord v\u00e9rifier votre facture re\u00e7ue dans votre email de confirmation de commande.<br>Si un article est absent sans mention dans le mail d\u2019exp\u00e9dition, contactez-nous via notre <strong><a href=\"https:\/\/rnst-propagandart.com\/contact\/\">formulaire de contact<\/a><\/strong> en pr\u00e9cisant :<br>- Le num\u00e9ro de commande<br>- Le produit manquant<br>- Une photo du contenu du colis re\u00e7u<br>Nous vous r\u00e9pondrons rapidement avec une solution adapt\u00e9e<\/p> <p><strong>Mon colis est arriv\u00e9 endommag\u00e9<\/strong><\/p> <p>Prenez des photos du colis \u00e0 r\u00e9ception dans les 48 heures apr\u00e8s r\u00e9ception de la commande avec les photos suivantes :<br>- Les dommages constat\u00e9s sur le produit<br>- L\u2019int\u00e9rieur du colis<br>- L\u2019ext\u00e9rieur du colis<br>- L\u2019ext\u00e9rieur du colis avec l\u2019\u00e9tiquette d\u2019exp\u00e9dition bien lisible<br><br>Envoyez-les-nous via le <strong><a href=\"https:\/\/rnst-propagandart.com\/contact\/\">formulaire de contact<\/a><\/strong> avec votre num\u00e9ro de commande.<br>Nous pourrons ainsi ouvrir une enqu\u00eate aupr\u00e8s du transporteur et vous proposer une solution dans les plus brefs d\u00e9lais.<\/p> <p><strong>Le produit semble d\u00e9fectueux ou pr\u00e9sente un d\u00e9faut<\/strong><\/p> <p>Merci de nous transmettre :<br>- Une photo du produit concern\u00e9<br>- Une description du probl\u00e8me rencontr\u00e9<br>Notre \u00e9quipe analysera la situation pour garantir la qualit\u00e9 de votre exp\u00e9rience.<\/p> <p>L'ensemble de ces \u00e9l\u00e9ments sont indispensables pour que nous puissions ouvrir une enqu\u00eate aupr\u00e8s du transporteur et trouver une solution rapidement.<\/p>","_links":{"self":[{"href":"https:\/\/rnst-propagandart.com\/de\/wp-json\/wp\/v2\/pages\/821","targetHints":{"allow":["GET"]}}],"collection":[{"href":"https:\/\/rnst-propagandart.com\/de\/wp-json\/wp\/v2\/pages"}],"about":[{"href":"https:\/\/rnst-propagandart.com\/de\/wp-json\/wp\/v2\/types\/page"}],"author":[{"embeddable":true,"href":"https:\/\/rnst-propagandart.com\/de\/wp-json\/wp\/v2\/users\/1"}],"replies":[{"embeddable":true,"href":"https:\/\/rnst-propagandart.com\/de\/wp-json\/wp\/v2\/comments?post=821"}],"version-history":[{"count":5,"href":"https:\/\/rnst-propagandart.com\/de\/wp-json\/wp\/v2\/pages\/821\/revisions"}],"predecessor-version":[{"id":2071,"href":"https:\/\/rnst-propagandart.com\/de\/wp-json\/wp\/v2\/pages\/821\/revisions\/2071"}],"wp:featuredmedia":[{"embeddable":true,"href":"https:\/\/rnst-propagandart.com\/de\/wp-json\/wp\/v2\/media\/1805"}],"wp:attachment":[{"href":"https:\/\/rnst-propagandart.com\/de\/wp-json\/wp\/v2\/media?parent=821"}],"curies":[{"name":"wp","href":"https:\/\/api.w.org\/{rel}","templated":true}]}}