{"id":1428,"date":"2025-12-10T09:38:28","date_gmt":"2025-12-10T08:38:28","guid":{"rendered":"https:\/\/rnst-propagandart.com\/produit\/kid-of-black-night-copy\/"},"modified":"2026-01-31T23:24:30","modified_gmt":"2026-01-31T22:24:30","slug":"savage","status":"publish","type":"product","link":"https:\/\/rnst-propagandart.com\/de\/produit\/savage\/","title":{"rendered":"Savage"},"content":{"rendered":"<p data-start=\"504\" data-end=\"673\"><strong>SAVAGE<\/strong> verk\u00f6rpert das RNST.PROPAGANDART-Universum durch eine visuelle Darstellung in Vintage-Farbt\u00f6nen, in der vier weibliche Figuren einander entsprechen und sich in einer gemeinsamen Kraft vereinen.<\/p>\n<p data-start=\"675\" data-end=\"914\">Gedruckt auf 180 g\/m\u00b2 Baumwoll-Jersey. Klassisch geschnitten, mit geraden \u00c4rmeln und einem Rundhalsausschnitt mit Rippstrickb\u00fcndchen.<br data-start=\"786\" data-end=\"789\" \/>Die Seitenn\u00e4hte verst\u00e4rken den Halt, w\u00e4hrend die S\u00e4urebleiche f\u00fcr eine rebellische und ungez\u00e4hmte Signatur sorgt.<\/p>\n<p data-start=\"916\" data-end=\"1033\">Ein T-Shirt, das als Symbol f\u00fcr Solidarit\u00e4t, Freiheit und geteilte Energie gedacht ist.<br data-start=\"1000\" data-end=\"1003\" \/><strong>Stay wild, united. Immer.<\/strong><\/p>","protected":false},"excerpt":{"rendered":"<p><span data-sheets-root=\"1\">Vier weibliche Gesichter, eine gemeinsame Energie.<br \/>\nSanfte Frechheit, grimmige Sch\u00f6nheit, erwachende Sensibilit\u00e4t.<br \/>\nEin freier, vereinter, vibrierender Geist.<br \/>\nEine direkte und widerspenstige \u00c4sthetik.<br \/>\n<strong>Stay wild, united. Immer.<\/strong><\/span><\/p>","protected":false},"featured_media":1094,"template":"","meta":{"_monsterinsights_skip_tracking":false,"_monsterinsights_sitenote_active":false,"_monsterinsights_sitenote_note":"","_monsterinsights_sitenote_category":0},"product_brand":[],"product_cat":[35],"product_tag":[67,37,68],"class_list":{"0":"post-1428","1":"product","2":"type-product","3":"status-publish","4":"has-post-thumbnail","6":"product_cat-adultes","7":"product_tag-frontshow","8":"product_tag-prime","9":"product_tag-serigraphie","10":"product_shipping_class-textiles","11":"has-post-title","12":"has-post-date","13":"has-post-category","14":"has-post-tag","15":"has-post-comment","16":"has-post-author","17":"","19":"first","20":"instock","21":"taxable","22":"shipping-taxable","23":"purchasable","24":"product-type-variable","25":"has-default-attributes"},"builder_content":"","_links":{"self":[{"href":"https:\/\/rnst-propagandart.com\/de\/wp-json\/wp\/v2\/product\/1428","targetHints":{"allow":["GET"]}}],"collection":[{"href":"https:\/\/rnst-propagandart.com\/de\/wp-json\/wp\/v2\/product"}],"about":[{"href":"https:\/\/rnst-propagandart.com\/de\/wp-json\/wp\/v2\/types\/product"}],"wp:featuredmedia":[{"embeddable":true,"href":"https:\/\/rnst-propagandart.com\/de\/wp-json\/wp\/v2\/media\/1094"}],"wp:attachment":[{"href":"https:\/\/rnst-propagandart.com\/de\/wp-json\/wp\/v2\/media?parent=1428"}],"wp:term":[{"taxonomy":"product_brand","embeddable":true,"href":"https:\/\/rnst-propagandart.com\/de\/wp-json\/wp\/v2\/product_brand?post=1428"},{"taxonomy":"product_cat","embeddable":true,"href":"https:\/\/rnst-propagandart.com\/de\/wp-json\/wp\/v2\/product_cat?post=1428"},{"taxonomy":"product_tag","embeddable":true,"href":"https:\/\/rnst-propagandart.com\/de\/wp-json\/wp\/v2\/product_tag?post=1428"}],"curies":[{"name":"wp","href":"https:\/\/api.w.org\/{rel}","templated":true}]}}