{"id":1435,"date":"2025-12-10T09:39:31","date_gmt":"2025-12-10T08:39:31","guid":{"rendered":"https:\/\/rnst-propagandart.com\/produit\/kid-of-black-night-copy\/"},"modified":"2026-03-28T09:05:53","modified_gmt":"2026-03-28T08:05:53","slug":"toxische-welt","status":"publish","type":"product","link":"https:\/\/rnst-propagandart.com\/de\/produit\/toxic-world\/","title":{"rendered":"Toxische Welt"},"content":{"rendered":"<p data-start=\"475\" data-end=\"709\">TOXIC WORLD ist ein RNST-Bild aus der Kollektion CONCRETE JUNGLE.<br data-start=\"552\" data-end=\"555\" \/>Eine frontale \u00c4sthetik: Gasmaske, rohes Material, bedr\u00fcckende Umgebung.<br data-start=\"635\" data-end=\"638\" \/>Ein Symbol f\u00fcr diejenigen, die maskiert voranschreiten und klar bleiben.<\/p>\n<p data-start=\"711\" data-end=\"972\">Gedruckt auf weicher, strapazierf\u00e4higer 180 g\/m\u00b2 Baumwolle.<br data-start=\"763\" data-end=\"766\" \/>Rippstrickkragen, Jersey-Abschl\u00fcsse und doppelte Taillenn\u00e4hte sorgen f\u00fcr einen dauerhaften Halt.<br data-start=\"854\" data-end=\"857\" \/>Design, Siebdruck und Etikettierung in Frankreich hergestellt.<br data-start=\"910\" data-end=\"913\" \/>Unisex-Schnitt, der sowohl f\u00fcr den Alltag als auch f\u00fcr die Zone gedacht ist.<\/p>\n<p data-start=\"974\" data-end=\"1050\">Ein T-Shirt, um anders zu atmen.<br data-start=\"1011\" data-end=\"1014\" \/><strong data-start=\"1014\" data-end=\"1050\">Atme die Wahrheit ein, nicht ihre Luft.<\/strong><\/p>","protected":false},"excerpt":{"rendered":"<p>Maske mit Gas. Beton. Feindliche Atmosph\u00e4re.<br data-start=\"242\" data-end=\"245\" \/>Hier ist nichts neutral.<br data-start=\"268\" data-end=\"271\" \/>Nichts wird getan, um zu beruhigen.<br data-start=\"301\" data-end=\"304\" \/>F\u00fcr diejenigen, die das Gebiet durchqueren<br data-start=\"336\" data-end=\"339\" \/>und verweigern die Luft, die ihnen aufgezwungen wird.<br data-start=\"375\" data-end=\"378\" \/><strong data-start=\"378\" data-end=\"414\">Atme die Wahrheit ein, nicht ihre Luft.<\/strong><\/p>","protected":false},"featured_media":1095,"template":"","meta":{"_monsterinsights_skip_tracking":false,"_monsterinsights_sitenote_active":false,"_monsterinsights_sitenote_note":"","_monsterinsights_sitenote_category":0},"product_brand":[],"product_cat":[35],"product_tag":[59,67,68],"class_list":{"0":"post-1435","1":"product","2":"type-product","3":"status-publish","4":"has-post-thumbnail","6":"product_cat-adultes","7":"product_tag-concrete-jungle","8":"product_tag-frontshow","9":"product_tag-serigraphie","10":"product_shipping_class-textiles","11":"has-post-title","12":"has-post-date","13":"has-post-category","14":"has-post-tag","15":"has-post-comment","16":"has-post-author","17":"","19":"first","20":"instock","21":"taxable","22":"shipping-taxable","23":"purchasable","24":"product-type-variable","25":"has-default-attributes"},"builder_content":"","_links":{"self":[{"href":"https:\/\/rnst-propagandart.com\/de\/wp-json\/wp\/v2\/product\/1435","targetHints":{"allow":["GET"]}}],"collection":[{"href":"https:\/\/rnst-propagandart.com\/de\/wp-json\/wp\/v2\/product"}],"about":[{"href":"https:\/\/rnst-propagandart.com\/de\/wp-json\/wp\/v2\/types\/product"}],"wp:featuredmedia":[{"embeddable":true,"href":"https:\/\/rnst-propagandart.com\/de\/wp-json\/wp\/v2\/media\/1095"}],"wp:attachment":[{"href":"https:\/\/rnst-propagandart.com\/de\/wp-json\/wp\/v2\/media?parent=1435"}],"wp:term":[{"taxonomy":"product_brand","embeddable":true,"href":"https:\/\/rnst-propagandart.com\/de\/wp-json\/wp\/v2\/product_brand?post=1435"},{"taxonomy":"product_cat","embeddable":true,"href":"https:\/\/rnst-propagandart.com\/de\/wp-json\/wp\/v2\/product_cat?post=1435"},{"taxonomy":"product_tag","embeddable":true,"href":"https:\/\/rnst-propagandart.com\/de\/wp-json\/wp\/v2\/product_tag?post=1435"}],"curies":[{"name":"wp","href":"https:\/\/api.w.org\/{rel}","templated":true}]}}