{"id":1442,"date":"2025-12-10T09:40:35","date_gmt":"2025-12-10T08:40:35","guid":{"rendered":"https:\/\/rnst-propagandart.com\/produit\/savage-copy\/"},"modified":"2026-04-14T10:52:54","modified_gmt":"2026-04-14T08:52:54","slug":"too-fast-to-live","status":"publish","type":"product","link":"https:\/\/rnst-propagandart.com\/de\/produit\/too-fast-to-live\/","title":{"rendered":"Too fast to live"},"content":{"rendered":"<p data-start=\"441\" data-end=\"635\"><strong data-start=\"441\" data-end=\"480\">TOO FAST TO LIVE - TOO YOUNG TO DIE<\/strong> verk\u00f6rpert den Geist des getragenen Protests.<br data-start=\"524\" data-end=\"527\" \/>Ein rot-schwarzes, frontales Visual, das von den sozialen und kulturellen K\u00e4mpfen inspiriert ist, die sich durch das Universum von RNST ziehen.<\/p>\n<p data-start=\"637\" data-end=\"919\">Gedruckt auf weicher, strapazierf\u00e4higer 180 g\/m\u00b2 Baumwolle.<br data-start=\"689\" data-end=\"692\" \/>Rippstrickkragen, Jersey-Abschl\u00fcsse und doppelte Taillenn\u00e4hte sorgen f\u00fcr einen dauerhaften und bequemen Sitz.<br data-start=\"795\" data-end=\"798\" \/>Integriertes Markenetikett und Gr\u00f6\u00dfenchip.<br data-start=\"846\" data-end=\"849\" \/>Design, Siebdruck und Etikettierung in Frankreich hergestellt.<br data-start=\"902\" data-end=\"905\" \/>Unisex-Schnitt.<\/p>\n<p data-start=\"921\" data-end=\"990\">Ein T-Shirt, das als eine Botschaft gedacht ist, die man tragen kann.<br data-start=\"966\" data-end=\"969\" \/><strong data-start=\"969\" data-end=\"990\">Wear the protest.<\/strong><\/p>","protected":false},"excerpt":{"rendered":"<p><span data-sheets-root=\"1\">Rot und schwarz.<br \/>\nFreie Jugend, B\u00fcrgerrechte, Meinungsfreiheit.<br \/>\nEin Design, das von den K\u00e4mpfen geerbt wurde, die die Kunst von RNST pr\u00e4gen.<br \/>\nGedacht, um gesehen zu werden. Getragen zu werden. Gelebt.<br \/>\n<strong>Wear the protest.<\/strong><\/span><\/p>","protected":false},"featured_media":1111,"template":"","meta":{"_monsterinsights_skip_tracking":false,"_monsterinsights_sitenote_active":false,"_monsterinsights_sitenote_note":"","_monsterinsights_sitenote_category":0},"product_brand":[],"product_cat":[35],"product_tag":[59,67,68],"class_list":{"0":"post-1442","1":"product","2":"type-product","3":"status-publish","4":"has-post-thumbnail","6":"product_cat-adultes","7":"product_tag-concrete-jungle","8":"product_tag-frontshow","9":"product_tag-serigraphie","10":"product_shipping_class-textiles","11":"has-post-title","12":"has-post-date","13":"has-post-category","14":"has-post-tag","15":"has-post-comment","16":"has-post-author","17":"","19":"first","20":"instock","21":"taxable","22":"shipping-taxable","23":"purchasable","24":"product-type-variable","25":"has-default-attributes"},"builder_content":"","_links":{"self":[{"href":"https:\/\/rnst-propagandart.com\/de\/wp-json\/wp\/v2\/product\/1442","targetHints":{"allow":["GET"]}}],"collection":[{"href":"https:\/\/rnst-propagandart.com\/de\/wp-json\/wp\/v2\/product"}],"about":[{"href":"https:\/\/rnst-propagandart.com\/de\/wp-json\/wp\/v2\/types\/product"}],"wp:featuredmedia":[{"embeddable":true,"href":"https:\/\/rnst-propagandart.com\/de\/wp-json\/wp\/v2\/media\/1111"}],"wp:attachment":[{"href":"https:\/\/rnst-propagandart.com\/de\/wp-json\/wp\/v2\/media?parent=1442"}],"wp:term":[{"taxonomy":"product_brand","embeddable":true,"href":"https:\/\/rnst-propagandart.com\/de\/wp-json\/wp\/v2\/product_brand?post=1442"},{"taxonomy":"product_cat","embeddable":true,"href":"https:\/\/rnst-propagandart.com\/de\/wp-json\/wp\/v2\/product_cat?post=1442"},{"taxonomy":"product_tag","embeddable":true,"href":"https:\/\/rnst-propagandart.com\/de\/wp-json\/wp\/v2\/product_tag?post=1442"}],"curies":[{"name":"wp","href":"https:\/\/api.w.org\/{rel}","templated":true}]}}