{"id":1455,"date":"2025-12-10T09:44:41","date_gmt":"2025-12-10T08:44:41","guid":{"rendered":"https:\/\/rnst-propagandart.com\/produit\/moi-jaime-bien-la-bagarre-asphalte-copy\/"},"modified":"2026-01-15T12:11:47","modified_gmt":"2026-01-15T11:11:47","slug":"ich-mag-den-schwarzen-kampf","status":"publish","type":"product","link":"https:\/\/rnst-propagandart.com\/de\/produit\/moi-jaime-bien-la-bagarre-black\/","title":{"rendered":"Moi j'aime bien la bagarre - Black"},"content":{"rendered":"<p data-start=\"379\" data-end=\"546\"><strong data-start=\"379\" data-end=\"411\">\u201cICH MAG STREIT\u201d<\/strong> richtet sich an diejenigen, die die Stadt ohne Kompromisse erleben.<br data-start=\"474\" data-end=\"477\" \/>Ein T-Shirt, um eine Geisteshaltung zu bekr\u00e4ftigen, mehr als nur einen Stil.<\/p>\n<p data-start=\"548\" data-end=\"794\">Konfektioniert in <strong data-start=\"564\" data-end=\"595\">100 % Baumwoll-Jersey 200 g\/m\u00b2<\/strong>, Der Stoff f\u00fchlt sich weich und bequem an.<br data-start=\"628\" data-end=\"631\" \/>Bequemer Schnitt, Rundhalsausschnitt und kurze \u00c4rmel f\u00fcr volle Bewegungsfreiheit.<br data-start=\"715\" data-end=\"718\" \/>Strapazierf\u00e4hige Jersey-Maschenware und ein unauff\u00e4lliger Gr\u00f6\u00dfenchip f\u00fcr den t\u00e4glichen Gebrauch.<\/p>\n<p data-start=\"796\" data-end=\"848\" data-is-last-node=\"\" data-is-only-node=\"\">Ein gewagtes Basic, das f\u00fcr urbane Abenteuer gedacht ist.<\/p>","protected":false},"excerpt":{"rendered":"<p>F\u00fcr ungez\u00e4hmte Gem\u00fcter.<br data-start=\"239\" data-end=\"242\" \/>Die Ungehorsamen des Alltags.<br data-start=\"268\" data-end=\"271\" \/>Diejenigen, die voranschreiten, ohne um Erlaubnis zu fragen.<\/p>","protected":false},"featured_media":1886,"template":"","meta":{"_monsterinsights_skip_tracking":false,"_monsterinsights_sitenote_active":false,"_monsterinsights_sitenote_note":"","_monsterinsights_sitenote_category":0},"product_brand":[],"product_cat":[35],"product_tag":[37,68],"class_list":{"0":"post-1455","1":"product","2":"type-product","3":"status-publish","4":"has-post-thumbnail","6":"product_cat-adultes","7":"product_tag-prime","8":"product_tag-serigraphie","9":"product_shipping_class-textiles","10":"has-post-title","11":"has-post-date","12":"has-post-category","13":"has-post-tag","14":"has-post-comment","15":"has-post-author","16":"","18":"first","19":"outofstock","20":"taxable","21":"shipping-taxable","22":"purchasable","23":"product-type-variable","24":"has-default-attributes"},"builder_content":"","_links":{"self":[{"href":"https:\/\/rnst-propagandart.com\/de\/wp-json\/wp\/v2\/product\/1455","targetHints":{"allow":["GET"]}}],"collection":[{"href":"https:\/\/rnst-propagandart.com\/de\/wp-json\/wp\/v2\/product"}],"about":[{"href":"https:\/\/rnst-propagandart.com\/de\/wp-json\/wp\/v2\/types\/product"}],"wp:featuredmedia":[{"embeddable":true,"href":"https:\/\/rnst-propagandart.com\/de\/wp-json\/wp\/v2\/media\/1886"}],"wp:attachment":[{"href":"https:\/\/rnst-propagandart.com\/de\/wp-json\/wp\/v2\/media?parent=1455"}],"wp:term":[{"taxonomy":"product_brand","embeddable":true,"href":"https:\/\/rnst-propagandart.com\/de\/wp-json\/wp\/v2\/product_brand?post=1455"},{"taxonomy":"product_cat","embeddable":true,"href":"https:\/\/rnst-propagandart.com\/de\/wp-json\/wp\/v2\/product_cat?post=1455"},{"taxonomy":"product_tag","embeddable":true,"href":"https:\/\/rnst-propagandart.com\/de\/wp-json\/wp\/v2\/product_tag?post=1455"}],"curies":[{"name":"wp","href":"https:\/\/api.w.org\/{rel}","templated":true}]}}