{"id":1462,"date":"2025-12-10T09:49:25","date_gmt":"2025-12-10T08:49:25","guid":{"rendered":"https:\/\/rnst-propagandart.com\/?post_type=product&#038;p=1462"},"modified":"2026-03-18T21:15:25","modified_gmt":"2026-03-18T20:15:25","slug":"ich-mag-den-kampf-kids","status":"publish","type":"product","link":"https:\/\/rnst-propagandart.com\/de\/produit\/moi-jaime-bien-la-bagarre-kids\/","title":{"rendered":"Moi j'aime bien la bagarre - KID"},"content":{"rendered":"<p data-start=\"318\" data-end=\"466\"><strong data-start=\"318\" data-end=\"350\">\u201cICH MAG STREIT\u201d<\/strong> begleitet die Kinder auf all ihren Abenteuern.<br data-start=\"402\" data-end=\"405\" \/>Gedacht f\u00fcr Freigeister und starke Charaktere.<\/p>\n<p data-start=\"468\" data-end=\"721\">Hergestellt aus 100 % Baumwoll-Jersey 200 g, weich und bequem.<br data-start=\"534\" data-end=\"537\" \/>Kidsgerechter Schnitt, Rundhalsausschnitt und kurze \u00c4rmel f\u00fcr volle Bewegungsfreiheit.<br data-start=\"626\" data-end=\"629\" \/>Ein robustes T-Shirt, bereit f\u00fcr die Pause, zum Erforschen und f\u00fcr gro\u00dfe Schlachten in der Fantasie.<\/p>","protected":false},"excerpt":{"rendered":"<p>F\u00fcr die Che Guevaras des Sandkastens,<br data-start=\"201\" data-end=\"204\" \/>die ungez\u00e4hmten der Pause, die kleinen weltmeisterlichen Piraten.<\/p>","protected":false},"featured_media":1097,"template":"","meta":{"_monsterinsights_skip_tracking":false,"_monsterinsights_sitenote_active":false,"_monsterinsights_sitenote_note":"","_monsterinsights_sitenote_category":0},"product_brand":[],"product_cat":[55],"product_tag":[60,68],"class_list":{"0":"post-1462","1":"product","2":"type-product","3":"status-publish","4":"has-post-thumbnail","6":"product_cat-kids","7":"product_tag-les-nouveaux-sauvages","8":"product_tag-serigraphie","9":"has-post-title","10":"has-post-date","11":"has-post-category","12":"has-post-tag","13":"has-post-comment","14":"has-post-author","15":"","17":"first","18":"instock","19":"taxable","20":"shipping-taxable","21":"purchasable","22":"product-type-variable","23":"has-default-attributes"},"builder_content":"","_links":{"self":[{"href":"https:\/\/rnst-propagandart.com\/de\/wp-json\/wp\/v2\/product\/1462","targetHints":{"allow":["GET"]}}],"collection":[{"href":"https:\/\/rnst-propagandart.com\/de\/wp-json\/wp\/v2\/product"}],"about":[{"href":"https:\/\/rnst-propagandart.com\/de\/wp-json\/wp\/v2\/types\/product"}],"wp:featuredmedia":[{"embeddable":true,"href":"https:\/\/rnst-propagandart.com\/de\/wp-json\/wp\/v2\/media\/1097"}],"wp:attachment":[{"href":"https:\/\/rnst-propagandart.com\/de\/wp-json\/wp\/v2\/media?parent=1462"}],"wp:term":[{"taxonomy":"product_brand","embeddable":true,"href":"https:\/\/rnst-propagandart.com\/de\/wp-json\/wp\/v2\/product_brand?post=1462"},{"taxonomy":"product_cat","embeddable":true,"href":"https:\/\/rnst-propagandart.com\/de\/wp-json\/wp\/v2\/product_cat?post=1462"},{"taxonomy":"product_tag","embeddable":true,"href":"https:\/\/rnst-propagandart.com\/de\/wp-json\/wp\/v2\/product_tag?post=1462"}],"curies":[{"name":"wp","href":"https:\/\/api.w.org\/{rel}","templated":true}]}}