{"id":1467,"date":"2025-12-10T09:51:15","date_gmt":"2025-12-10T08:51:15","guid":{"rendered":"https:\/\/rnst-propagandart.com\/produit\/moi-jaime-bien-la-bagarre-copy\/"},"modified":"2026-01-11T00:11:42","modified_gmt":"2026-01-10T23:11:42","slug":"nicht-einmal-angst","status":"publish","type":"product","link":"https:\/\/rnst-propagandart.com\/de\/produit\/meme-pas-peur\/","title":{"rendered":"Nicht einmal Angst -KID"},"content":{"rendered":"<p data-start=\"356\" data-end=\"495\"><strong data-start=\"356\" data-end=\"375\">\u201cNICHT EINMAL ANGST\u201d<\/strong> begleitet Kinder, die ihre \u00c4ngste in ein Spiel umwandeln.<br data-start=\"435\" data-end=\"438\" \/>Ein T-Shirt, um vorw\u00e4rts zu gehen, zu lachen und hemmungslos zu erfinden.<\/p>\n<p data-start=\"497\" data-end=\"732\">Hergestellt aus 200 g Baumwoll-Jersey, der sich weich anf\u00fchlt und angenehm zu tragen ist.<br data-start=\"574\" data-end=\"577\" \/>Bequemer Schnitt, Rundhalsausschnitt und kurze \u00c4rmel f\u00fcr volle Bewegungsfreiheit.<br data-start=\"661\" data-end=\"664\" \/>Chip in unauff\u00e4lliger Gr\u00f6\u00dfe. Design und Siebdruck in Frankreich hergestellt.<\/p>\n<p data-start=\"734\" data-end=\"792\" data-is-last-node=\"\" data-is-only-node=\"\">Ein t\u00e4glicher Begleiter, der f\u00fcr jedes Abenteuer bereit ist.<\/p>","protected":false},"excerpt":{"rendered":"<p>Die fr\u00f6hliche Frechheit derjenigen, die dem Monster im Schrank die Zunge herausstrecken und lachend im Dunkeln weitergehen.<\/p>","protected":false},"featured_media":1098,"template":"","meta":{"_monsterinsights_skip_tracking":false,"_monsterinsights_sitenote_active":false,"_monsterinsights_sitenote_note":"","_monsterinsights_sitenote_category":0},"product_brand":[],"product_cat":[55],"product_tag":[60,68],"class_list":{"0":"post-1467","1":"product","2":"type-product","3":"status-publish","4":"has-post-thumbnail","6":"product_cat-kids","7":"product_tag-les-nouveaux-sauvages","8":"product_tag-serigraphie","9":"has-post-title","10":"has-post-date","11":"has-post-category","12":"has-post-tag","13":"has-post-comment","14":"has-post-author","15":"","17":"first","18":"instock","19":"taxable","20":"shipping-taxable","21":"purchasable","22":"product-type-variable","23":"has-default-attributes"},"builder_content":"","_links":{"self":[{"href":"https:\/\/rnst-propagandart.com\/de\/wp-json\/wp\/v2\/product\/1467","targetHints":{"allow":["GET"]}}],"collection":[{"href":"https:\/\/rnst-propagandart.com\/de\/wp-json\/wp\/v2\/product"}],"about":[{"href":"https:\/\/rnst-propagandart.com\/de\/wp-json\/wp\/v2\/types\/product"}],"wp:featuredmedia":[{"embeddable":true,"href":"https:\/\/rnst-propagandart.com\/de\/wp-json\/wp\/v2\/media\/1098"}],"wp:attachment":[{"href":"https:\/\/rnst-propagandart.com\/de\/wp-json\/wp\/v2\/media?parent=1467"}],"wp:term":[{"taxonomy":"product_brand","embeddable":true,"href":"https:\/\/rnst-propagandart.com\/de\/wp-json\/wp\/v2\/product_brand?post=1467"},{"taxonomy":"product_cat","embeddable":true,"href":"https:\/\/rnst-propagandart.com\/de\/wp-json\/wp\/v2\/product_cat?post=1467"},{"taxonomy":"product_tag","embeddable":true,"href":"https:\/\/rnst-propagandart.com\/de\/wp-json\/wp\/v2\/product_tag?post=1467"}],"curies":[{"name":"wp","href":"https:\/\/api.w.org\/{rel}","templated":true}]}}