{"id":1381,"date":"2025-12-10T06:45:10","date_gmt":"2025-12-10T05:45:10","guid":{"rendered":"https:\/\/rnst-propagandart.com\/?page_id=1381"},"modified":"2025-12-18T02:40:50","modified_gmt":"2025-12-18T01:40:50","slug":"condiciones-generales-de-venta","status":"publish","type":"page","link":"https:\/\/rnst-propagandart.com\/es\/conditions-generales-de-vente\/","title":{"rendered":"CONDICIONES GENERALES"},"content":{"rendered":"<!--themify_builder_content-->\n<div id=\"themify_builder_content-1381\" data-postid=\"1381\" class=\"themify_builder_content themify_builder_content-1381 themify_builder tf_clear\">\n                    <div  data-lazy=\"1\" class=\"module_row themify_builder_row tb_dl3y478 tb_first tf_w\">\n            <span  class=\"builder_row_cover tf_abs\" data-lazy=\"1\"><\/span>            <div class=\"row_inner col_align_top tb_col_count_1 tf_box tf_rel\">\n                        <div  data-lazy=\"1\" class=\"module_column tb-column col-full tb_1v6n478 first\">\n                    <!-- module text -->\n<div  class=\"module module-text tb_fy2a674   \" data-lazy=\"1\">\n        <div  class=\"tb_text_wrap\">\n        <h2>CONDITIONS G\u00c9N\u00c9RALES DE VENTE<br>(CGV)<\/h2>    <\/div>\n<\/div>\n<!-- \/module text -->        <\/div>\n                        <\/div>\n        <\/div>\n                        <div  data-lazy=\"1\" class=\"module_row themify_builder_row tb_nzd1907 tf_w\">\n                        <div class=\"row_inner col_align_top tb_col_count_1 tf_box tf_rel\">\n                        <div  data-lazy=\"1\" class=\"module_column tb-column col-full tb_oana907 first\">\n                    <!-- module text -->\n<div  class=\"module module-text tb_bqwc907   \" data-lazy=\"1\">\n        <div  class=\"tb_text_wrap\">\n        <h5>Conform\u00e9ment aux articles 6-III et 19 de la loi n\u00b02004-575 du 21 juin 2004 pour la Confiance dans l\u2019\u00c9conomie Num\u00e9rique (LCEN), il est pr\u00e9cis\u00e9 aux utilisateurs du Site les informations suivantes :<\/h5>\n<h3><br>1. \u00c9diteur du Site<\/h3>\n<p>D\u00e9nomination sociale : FRAGMENT <br>Forme juridique : SARL<br>Capital social : 1000 \u20ac<br>Si\u00e8ge social : 265 route des Bartelins 73100 Pugny Chatenod<br>RCS \/ SIREN : 982582074000182.<\/p>\n<h3>Responsabilit\u00e9<\/h3>\n<p>Le Vendeur s\u2019efforce de fournir sur le Site des informations aussi pr\u00e9cises que possible. Toutefois, il ne pourra \u00eatre tenu responsable :<br>&#8211; d\u2019omissions, d\u2019inexactitudes ou de carences dans la mise \u00e0 jour ;<br>&#8211; d\u2019\u00e9ventuels dommages directs ou indirects caus\u00e9s lors de l\u2019acc\u00e8s au Site ;<br>&#8211; de tout dysfonctionnement ind\u00e9pendant de sa volont\u00e9 (pannes serveur, probl\u00e8mes r\u00e9seau, maintenance&#8230;).<\/p>\n<h3>Propri\u00e9t\u00e9 intellectuelle<\/h3>\n<p>L\u2019ensemble du contenu pr\u00e9sent sur le Site (textes, images, logos, vid\u00e9os, design, structure&#8230;) est prot\u00e9g\u00e9 par le Code de la propri\u00e9t\u00e9 intellectuelle. Toute reproduction non autoris\u00e9e est interdite.<\/p>\n<h3>Activit\u00e9 de la soci\u00e9t\u00e9<\/h3>\n<p>La soci\u00e9t\u00e9 exerce une activit\u00e9 de vente en ligne de produits textiles, d\u2019\u0153uvres d\u2019art et de goodies via le Site. Toute utilisation du Site implique l\u2019acceptation des pr\u00e9sentes mentions l\u00e9gales et des CGV.<\/p>\n<h5>1. Objet<\/h5>\n<p>Les pr\u00e9sentes Conditions G\u00e9n\u00e9rales de Vente (ci-apr\u00e8s \u00ab CGV \u00bb) r\u00e9gissent l\u2019ensemble des ventes de produits textiles r\u00e9alis\u00e9es sur le site internet (ci-apr\u00e8s \u00ab le Site \u00bb) entre la soci\u00e9t\u00e9 exploitante du Site (ci-apr\u00e8s \u00ab le Vendeur \u00bb) et toute personne physique ou morale r\u00e9alisant un achat (ci-apr\u00e8s \u00ab le Client \u00bb).<br>Toute commande pass\u00e9e sur le Site implique l\u2019acceptation sans r\u00e9serve des pr\u00e9sentes CGV.<\/p>\n<h5>2. Produits<\/h5>\n<p>Les produits propos\u00e9s \u00e0 la vente sont d\u00e9crits et repr\u00e9sent\u00e9s avec la plus grande exactitude possible. Toutefois, une l\u00e9g\u00e8re variation de couleur ou de texture peut exister selon le support d\u2019affichage. Le Vendeur ne pourra \u00eatre tenu responsable de ces diff\u00e9rences non substantielles.<\/p>\n<h5>3. Prix<\/h5>\n<p>Les prix indiqu\u00e9s sur le Site sont exprim\u00e9s en euros (\u20ac) et s\u2019entendent toutes taxes comprises (TTC) pour les ventes en France. Pour les ventes internationales, les prix sont exprim\u00e9s hors taxes (HT) et des droits de douane ou taxes suppl\u00e9mentaires peuvent \u00eatre appliqu\u00e9s et seront \u00e0 la charge du Client.<br>Le Vendeur se r\u00e9serve le droit de modifier ses prix \u00e0 tout moment. Les produits sont factur\u00e9s au prix en vigueur au moment de la validation de la commande.<\/p>\n<h5>4. Commande<\/h5>\n<p>Le Client peut passer commande en suivant le processus indiqu\u00e9 sur le Site. La commande est consid\u00e9r\u00e9e comme d\u00e9finitive apr\u00e8s r\u00e9ception de la confirmation par email.<br>Le Vendeur se r\u00e9serve le droit d\u2019annuler ou de refuser toute commande en cas de litige ant\u00e9rieur, de non-paiement ou de suspicion de fraude.<\/p>\n<h5>5. Paiement<\/h5>\n<p>Le paiement s\u2019effectue par les moyens propos\u00e9s sur le Site : carte bancaire, portefeuille \u00e9lectronique, virement ou tout autre moyen disponible.<br>La commande n\u2019est valid\u00e9e qu\u2019apr\u00e8s confirmation du paiement.<\/p>\n<h5>6. Livraison<\/h5>\n<p>6.1 D\u00e9lais et modes de livraison<br>Le Vendeur propose une livraison en France et \u00e0 l\u2019international. Les frais et d\u00e9lais varient selon la destination et le mode de livraison choisi.<br>Les d\u00e9lais indiqu\u00e9s sont donn\u00e9s \u00e0 titre indicatif. Un retard \u00e9ventuel ne pourra donner lieu \u00e0 aucun d\u00e9dommagement.<br>6.2 Risques<br>Les risques li\u00e9s au transport sont transf\u00e9r\u00e9s au Client au moment de la remise du colis au transporteur.<br>6.3 R\u00e9ception<br>\u00c0 la r\u00e9ception, le Client doit v\u00e9rifier l\u2019\u00e9tat du colis et \u00e9mettre des r\u00e9serves si n\u00e9cessaire. Toute anomalie doit \u00eatre signal\u00e9e au transporteur et au Vendeur dans un d\u00e9lai raisonnable.<\/p>\n<h5>7. Droit de r\u00e9tractation<\/h5>\n<p>Conform\u00e9ment au Code de la consommation fran\u00e7ais, le Client consommateur dispose d\u2019un d\u00e9lai de 14 jours \u00e0 compter de la r\u00e9ception du produit pour exercer son droit de r\u00e9tractation.<br>Les produits doivent \u00eatre retourn\u00e9s dans leur \u00e9tat d\u2019origine, non port\u00e9s et non lav\u00e9s. Les frais de retour sont \u00e0 la charge du Client.<br>Le remboursement s\u2019effectuera dans un d\u00e9lai maximal de 14 jours apr\u00e8s r\u00e9ception des produits retourn\u00e9s.<br>Le formulaire type de r\u00e9tractation, conforme \u00e0 l\u2019annexe de l\u2019article R221-1 du Code de la consommation, est disponible en annexe des pr\u00e9sentes CGV.<br>7.1 Produits personnalis\u00e9s ou uniques<br>Conform\u00e9ment \u00e0 l\u2019article L221-28 du Code de la consommation, les produits personnalis\u00e9s, r\u00e9alis\u00e9s selon les sp\u00e9cifications du Client ou des \u0153uvres d\u2019art uniques ne peuvent faire l\u2019objet d\u2019un droit de r\u00e9tractation. Ces produits ne peuvent \u00eatre ni repris, ni \u00e9chang\u00e9s, sauf en cas de d\u00e9faut ou non-conformit\u00e9.<br>7.2 Formulaire de r\u00e9tractation pour les produits non exclus<br>Le formulaire type de r\u00e9tractation, conforme \u00e0 l\u2019article R221-1 du Code de la consommation, est disponible en annexe des CGV pour les produits non exclus.<\/p>\n<h5>8. Retours et garanties<\/h5>\n<p>Le Client b\u00e9n\u00e9ficie des garanties l\u00e9gales de conformit\u00e9 et des vices cach\u00e9s, conform\u00e9ment aux articles L217-1 et suivants du Code de la consommation et 1641 et suivants du Code civil.<br>Tout produit non conforme ou d\u00e9fectueux peut \u00eatre retourn\u00e9 pour \u00e9change ou remboursement.<br>8.1 Conditions de retour pour produits personnalis\u00e9s ou uniques<br>\u2022 Les retours sont autoris\u00e9s uniquement si le produit pr\u00e9sente un d\u00e9faut ou une non-conformit\u00e9.<br>\u2022 Le Client doit signaler le d\u00e9faut dans un d\u00e9lai raisonnable et utiliser un emballage ad\u00e9quat pour prot\u00e9ger le produit pendant le transport.<br>\u2022 Le transport doit \u00eatre assur\u00e9, et le Client doit conserver la preuve d\u2019envoi.<br>\u2022 Tout dommage survenu pendant le retour non conforme \u00e0 ces conditions pourra entra\u00eener le refus du remboursement ou \u00e9change.<\/p>\n<h5>9. Responsabilit\u00e9<\/h5>\n<p>La responsabilit\u00e9 du Vendeur ne pourra \u00eatre engag\u00e9e qu\u2019en cas de faute prouv\u00e9e. Le Vendeur ne saurait \u00eatre tenu pour responsable :<br>\u2022 en cas de mauvaise utilisation du produit,<br>\u2022 en cas de force majeure,<br>\u2022 pour tout dommage indirect.<\/p>\n<h5>10. Propri\u00e9t\u00e9 intellectuelle<\/h5>\n<p>Tous les \u00e9l\u00e9ments du Site sont la propri\u00e9t\u00e9 exclusive du Vendeur. Toute reproduction, totale ou partielle, est strictement interdite.<\/p>\n<h5>11. Donn\u00e9es personnelles<\/h5>\n<p>Voir la page <a href=\"https:\/\/rnst-propagandart.com\/politique-de-confidentialite\/\">Politique de confidentialit\u00e9.<\/a><\/p>\n<h5>12. Droit applicable et litiges<\/h5>\n<p>Les pr\u00e9sentes CGV sont soumises au droit fran\u00e7ais.<br>En cas de vente \u00e0 l\u2019international, la loi fran\u00e7aise s\u2019applique, sans pr\u00e9judice des r\u00e8gles imp\u00e9ratives du pays de r\u00e9sidence du consommateur.<br>Tout litige sera soumis aux tribunaux comp\u00e9tents du ressort du si\u00e8ge social du Vendeur.13. Service client<br>Pour toute question, r\u00e9clamation ou demande d\u2019information, le Client peut contacter le service client via l\u2019adresse email indiqu\u00e9e sur le Site.<br><br>Ces CGV peuvent \u00eatre mises \u00e0 jour \u00e0 tout moment. La version applicable est celle en vigueur au moment de la commande.<br>Annexe \u2014 Formulaire de r\u00e9tractation<br>(\u00e0 compl\u00e9ter et renvoyer uniquement si vous souhaitez vous r\u00e9tracter du contrat)<br>\u00c0 l\u2019attention de : [Nom du Vendeur \/ Adresse postale \/ Adresse e-mail]<br>Je vous notifie par la pr\u00e9sente ma r\u00e9tractation du contrat portant sur la vente du bien ci-dessous :<br>\u2014 Command\u00e9 le : \u2026\u2026\u2026\u2026\u2026\u2026\u2026\u2026\u2026\u2026\u2026\u2026\u2026\u2026\u2026\u2026. \/ Re\u00e7u le : \u2026\u2026\u2026\u2026\u2026\u2026\u2026\u2026\u2026\u2026\u2026\u2026\u2026\u2026\u2026\u2026.<br>\u2014 Nom du consommateur : \u2026\u2026\u2026\u2026\u2026\u2026\u2026\u2026\u2026\u2026\u2026\u2026\u2026\u2026\u2026\u2026\u2026\u2026\u2026\u2026\u2026\u2026\u2026\u2026\u2026\u2026\u2026\u2026\u2026\u2026\u2026<br>\u2014 Adresse du consommateur : \u2026\u2026\u2026\u2026\u2026\u2026\u2026\u2026\u2026\u2026\u2026\u2026\u2026\u2026\u2026\u2026\u2026\u2026\u2026\u2026\u2026\u2026\u2026\u2026\u2026\u2026\u2026\u2026\u2026\u2026<br>\u2014 Signature du consommateur (uniquement en cas de notification du pr\u00e9sent formulaire sur papier) :<br>\u2014 Date : \u2026\u2026\u2026\u2026\u2026\u2026\u2026\u2026\u2026\u2026\u2026\u2026\u2026\u2026\u2026\u2026\u2026\u2026\u2026\u2026.<\/p>    <\/div>\n<\/div>\n<!-- \/module text -->        <\/div>\n                        <\/div>\n        <\/div>\n        <\/div>\n<!--\/themify_builder_content-->","protected":false},"excerpt":{"rendered":"<p>CONDITIONS G\u00c9N\u00c9RALES DE VENTE (CGV) Conform\u00e9ment aux articles 6-III et 19 de la loi n\u00b02004-575 du 21 juin 2004 pour la Confiance dans l\u2019\u00c9conomie Num\u00e9rique (LCEN), il est pr\u00e9cis\u00e9 aux utilisateurs du Site les informations suivantes&nbsp;: 1. \u00c9diteur du Site D\u00e9nomination sociale&nbsp;: FRAGMENT Forme juridique&nbsp;: SARL Capital social&nbsp;: 1000 \u20ac Si\u00e8ge social&nbsp;: 265 route des [&hellip;]<\/p>\n","protected":false},"author":1,"featured_media":1805,"parent":0,"menu_order":0,"comment_status":"closed","ping_status":"closed","template":"","meta":{"_monsterinsights_skip_tracking":false,"_monsterinsights_sitenote_active":false,"_monsterinsights_sitenote_note":"","_monsterinsights_sitenote_category":0,"footnotes":""},"class_list":["post-1381","page","type-page","status-publish","has-post-thumbnail","hentry","has-post-title","has-post-date","has-post-category","has-post-tag","has-post-comment","has-post-author",""],"builder_content":"<h2>CONDITIONS G\u00c9N\u00c9RALES DE VENTE<br>(CGV)<\/h2>\n<h5>Conform\u00e9ment aux articles 6-III et 19 de la loi n\u00b02004-575 du 21 juin 2004 pour la Confiance dans l\u2019\u00c9conomie Num\u00e9rique (LCEN), il est pr\u00e9cis\u00e9 aux utilisateurs du Site les informations suivantes :<\/h5> <h3><br>1. \u00c9diteur du Site<\/h3> <p>D\u00e9nomination sociale : FRAGMENT <br>Forme juridique : SARL<br>Capital social : 1000 \u20ac<br>Si\u00e8ge social : 265 route des Bartelins 73100 Pugny Chatenod<br>RCS \/ SIREN : 982582074000182.<\/p> <h3>Responsabilit\u00e9<\/h3> <p>Le Vendeur s\u2019efforce de fournir sur le Site des informations aussi pr\u00e9cises que possible. Toutefois, il ne pourra \u00eatre tenu responsable :<br>- d\u2019omissions, d\u2019inexactitudes ou de carences dans la mise \u00e0 jour ;<br>- d\u2019\u00e9ventuels dommages directs ou indirects caus\u00e9s lors de l\u2019acc\u00e8s au Site ;<br>- de tout dysfonctionnement ind\u00e9pendant de sa volont\u00e9 (pannes serveur, probl\u00e8mes r\u00e9seau, maintenance...).<\/p> <h3>Propri\u00e9t\u00e9 intellectuelle<\/h3> <p>L\u2019ensemble du contenu pr\u00e9sent sur le Site (textes, images, logos, vid\u00e9os, design, structure...) est prot\u00e9g\u00e9 par le Code de la propri\u00e9t\u00e9 intellectuelle. Toute reproduction non autoris\u00e9e est interdite.<\/p> <h3>Activit\u00e9 de la soci\u00e9t\u00e9<\/h3> <p>La soci\u00e9t\u00e9 exerce une activit\u00e9 de vente en ligne de produits textiles, d\u2019\u0153uvres d\u2019art et de goodies via le Site. Toute utilisation du Site implique l\u2019acceptation des pr\u00e9sentes mentions l\u00e9gales et des CGV.<\/p> <h5>1. Objet<\/h5> <p>Les pr\u00e9sentes Conditions G\u00e9n\u00e9rales de Vente (ci-apr\u00e8s \u00ab CGV \u00bb) r\u00e9gissent l\u2019ensemble des ventes de produits textiles r\u00e9alis\u00e9es sur le site internet (ci-apr\u00e8s \u00ab le Site \u00bb) entre la soci\u00e9t\u00e9 exploitante du Site (ci-apr\u00e8s \u00ab le Vendeur \u00bb) et toute personne physique ou morale r\u00e9alisant un achat (ci-apr\u00e8s \u00ab le Client \u00bb).<br>Toute commande pass\u00e9e sur le Site implique l\u2019acceptation sans r\u00e9serve des pr\u00e9sentes CGV.<\/p> <h5>2. Produits<\/h5> <p>Les produits propos\u00e9s \u00e0 la vente sont d\u00e9crits et repr\u00e9sent\u00e9s avec la plus grande exactitude possible. Toutefois, une l\u00e9g\u00e8re variation de couleur ou de texture peut exister selon le support d\u2019affichage. Le Vendeur ne pourra \u00eatre tenu responsable de ces diff\u00e9rences non substantielles.<\/p> <h5>3. Prix<\/h5> <p>Les prix indiqu\u00e9s sur le Site sont exprim\u00e9s en euros (\u20ac) et s\u2019entendent toutes taxes comprises (TTC) pour les ventes en France. Pour les ventes internationales, les prix sont exprim\u00e9s hors taxes (HT) et des droits de douane ou taxes suppl\u00e9mentaires peuvent \u00eatre appliqu\u00e9s et seront \u00e0 la charge du Client.<br>Le Vendeur se r\u00e9serve le droit de modifier ses prix \u00e0 tout moment. Les produits sont factur\u00e9s au prix en vigueur au moment de la validation de la commande.<\/p> <h5>4. Commande<\/h5> <p>Le Client peut passer commande en suivant le processus indiqu\u00e9 sur le Site. La commande est consid\u00e9r\u00e9e comme d\u00e9finitive apr\u00e8s r\u00e9ception de la confirmation par email.<br>Le Vendeur se r\u00e9serve le droit d\u2019annuler ou de refuser toute commande en cas de litige ant\u00e9rieur, de non-paiement ou de suspicion de fraude.<\/p> <h5>5. Paiement<\/h5> <p>Le paiement s\u2019effectue par les moyens propos\u00e9s sur le Site : carte bancaire, portefeuille \u00e9lectronique, virement ou tout autre moyen disponible.<br>La commande n\u2019est valid\u00e9e qu\u2019apr\u00e8s confirmation du paiement.<\/p> <h5>6. Livraison<\/h5> <p>6.1 D\u00e9lais et modes de livraison<br>Le Vendeur propose une livraison en France et \u00e0 l\u2019international. Les frais et d\u00e9lais varient selon la destination et le mode de livraison choisi.<br>Les d\u00e9lais indiqu\u00e9s sont donn\u00e9s \u00e0 titre indicatif. Un retard \u00e9ventuel ne pourra donner lieu \u00e0 aucun d\u00e9dommagement.<br>6.2 Risques<br>Les risques li\u00e9s au transport sont transf\u00e9r\u00e9s au Client au moment de la remise du colis au transporteur.<br>6.3 R\u00e9ception<br>\u00c0 la r\u00e9ception, le Client doit v\u00e9rifier l\u2019\u00e9tat du colis et \u00e9mettre des r\u00e9serves si n\u00e9cessaire. Toute anomalie doit \u00eatre signal\u00e9e au transporteur et au Vendeur dans un d\u00e9lai raisonnable.<\/p> <h5>7. Droit de r\u00e9tractation<\/h5> <p>Conform\u00e9ment au Code de la consommation fran\u00e7ais, le Client consommateur dispose d\u2019un d\u00e9lai de 14 jours \u00e0 compter de la r\u00e9ception du produit pour exercer son droit de r\u00e9tractation.<br>Les produits doivent \u00eatre retourn\u00e9s dans leur \u00e9tat d\u2019origine, non port\u00e9s et non lav\u00e9s. Les frais de retour sont \u00e0 la charge du Client.<br>Le remboursement s\u2019effectuera dans un d\u00e9lai maximal de 14 jours apr\u00e8s r\u00e9ception des produits retourn\u00e9s.<br>Le formulaire type de r\u00e9tractation, conforme \u00e0 l\u2019annexe de l\u2019article R221-1 du Code de la consommation, est disponible en annexe des pr\u00e9sentes CGV.<br>7.1 Produits personnalis\u00e9s ou uniques<br>Conform\u00e9ment \u00e0 l\u2019article L221-28 du Code de la consommation, les produits personnalis\u00e9s, r\u00e9alis\u00e9s selon les sp\u00e9cifications du Client ou des \u0153uvres d\u2019art uniques ne peuvent faire l\u2019objet d\u2019un droit de r\u00e9tractation. Ces produits ne peuvent \u00eatre ni repris, ni \u00e9chang\u00e9s, sauf en cas de d\u00e9faut ou non-conformit\u00e9.<br>7.2 Formulaire de r\u00e9tractation pour les produits non exclus<br>Le formulaire type de r\u00e9tractation, conforme \u00e0 l\u2019article R221-1 du Code de la consommation, est disponible en annexe des CGV pour les produits non exclus.<\/p> <h5>8. Retours et garanties<\/h5> <p>Le Client b\u00e9n\u00e9ficie des garanties l\u00e9gales de conformit\u00e9 et des vices cach\u00e9s, conform\u00e9ment aux articles L217-1 et suivants du Code de la consommation et 1641 et suivants du Code civil.<br>Tout produit non conforme ou d\u00e9fectueux peut \u00eatre retourn\u00e9 pour \u00e9change ou remboursement.<br>8.1 Conditions de retour pour produits personnalis\u00e9s ou uniques<br>\u2022 Les retours sont autoris\u00e9s uniquement si le produit pr\u00e9sente un d\u00e9faut ou une non-conformit\u00e9.<br>\u2022 Le Client doit signaler le d\u00e9faut dans un d\u00e9lai raisonnable et utiliser un emballage ad\u00e9quat pour prot\u00e9ger le produit pendant le transport.<br>\u2022 Le transport doit \u00eatre assur\u00e9, et le Client doit conserver la preuve d\u2019envoi.<br>\u2022 Tout dommage survenu pendant le retour non conforme \u00e0 ces conditions pourra entra\u00eener le refus du remboursement ou \u00e9change.<\/p> <h5>9. Responsabilit\u00e9<\/h5> <p>La responsabilit\u00e9 du Vendeur ne pourra \u00eatre engag\u00e9e qu\u2019en cas de faute prouv\u00e9e. Le Vendeur ne saurait \u00eatre tenu pour responsable :<br>\u2022 en cas de mauvaise utilisation du produit,<br>\u2022 en cas de force majeure,<br>\u2022 pour tout dommage indirect.<\/p> <h5>10. Propri\u00e9t\u00e9 intellectuelle<\/h5> <p>Tous les \u00e9l\u00e9ments du Site sont la propri\u00e9t\u00e9 exclusive du Vendeur. Toute reproduction, totale ou partielle, est strictement interdite.<\/p> <h5>11. Donn\u00e9es personnelles<\/h5> <p>Voir la page <a href=\"https:\/\/rnst-propagandart.com\/politique-de-confidentialite\/\">Politique de confidentialit\u00e9.<\/a><\/p> <h5>12. Droit applicable et litiges<\/h5> <p>Les pr\u00e9sentes CGV sont soumises au droit fran\u00e7ais.<br>En cas de vente \u00e0 l\u2019international, la loi fran\u00e7aise s\u2019applique, sans pr\u00e9judice des r\u00e8gles imp\u00e9ratives du pays de r\u00e9sidence du consommateur.<br>Tout litige sera soumis aux tribunaux comp\u00e9tents du ressort du si\u00e8ge social du Vendeur.13. Service client<br>Pour toute question, r\u00e9clamation ou demande d\u2019information, le Client peut contacter le service client via l\u2019adresse email indiqu\u00e9e sur le Site.<br><br>Ces CGV peuvent \u00eatre mises \u00e0 jour \u00e0 tout moment. La version applicable est celle en vigueur au moment de la commande.<br>Annexe \u2014 Formulaire de r\u00e9tractation<br>(\u00e0 compl\u00e9ter et renvoyer uniquement si vous souhaitez vous r\u00e9tracter du contrat)<br>\u00c0 l\u2019attention de : [Nom du Vendeur \/ Adresse postale \/ Adresse e-mail]<br>Je vous notifie par la pr\u00e9sente ma r\u00e9tractation du contrat portant sur la vente du bien ci-dessous :<br>\u2014 Command\u00e9 le : \u2026\u2026\u2026\u2026\u2026\u2026\u2026\u2026\u2026\u2026\u2026\u2026\u2026\u2026\u2026\u2026. \/ Re\u00e7u le : \u2026\u2026\u2026\u2026\u2026\u2026\u2026\u2026\u2026\u2026\u2026\u2026\u2026\u2026\u2026\u2026.<br>\u2014 Nom du consommateur : \u2026\u2026\u2026\u2026\u2026\u2026\u2026\u2026\u2026\u2026\u2026\u2026\u2026\u2026\u2026\u2026\u2026\u2026\u2026\u2026\u2026\u2026\u2026\u2026\u2026\u2026\u2026\u2026\u2026\u2026\u2026<br>\u2014 Adresse du consommateur : \u2026\u2026\u2026\u2026\u2026\u2026\u2026\u2026\u2026\u2026\u2026\u2026\u2026\u2026\u2026\u2026\u2026\u2026\u2026\u2026\u2026\u2026\u2026\u2026\u2026\u2026\u2026\u2026\u2026\u2026<br>\u2014 Signature du consommateur (uniquement en cas de notification du pr\u00e9sent formulaire sur papier) :<br>\u2014 Date : \u2026\u2026\u2026\u2026\u2026\u2026\u2026\u2026\u2026\u2026\u2026\u2026\u2026\u2026\u2026\u2026\u2026\u2026\u2026\u2026.<\/p>","_links":{"self":[{"href":"https:\/\/rnst-propagandart.com\/es\/wp-json\/wp\/v2\/pages\/1381","targetHints":{"allow":["GET"]}}],"collection":[{"href":"https:\/\/rnst-propagandart.com\/es\/wp-json\/wp\/v2\/pages"}],"about":[{"href":"https:\/\/rnst-propagandart.com\/es\/wp-json\/wp\/v2\/types\/page"}],"author":[{"embeddable":true,"href":"https:\/\/rnst-propagandart.com\/es\/wp-json\/wp\/v2\/users\/1"}],"replies":[{"embeddable":true,"href":"https:\/\/rnst-propagandart.com\/es\/wp-json\/wp\/v2\/comments?post=1381"}],"version-history":[{"count":5,"href":"https:\/\/rnst-propagandart.com\/es\/wp-json\/wp\/v2\/pages\/1381\/revisions"}],"predecessor-version":[{"id":2056,"href":"https:\/\/rnst-propagandart.com\/es\/wp-json\/wp\/v2\/pages\/1381\/revisions\/2056"}],"wp:featuredmedia":[{"embeddable":true,"href":"https:\/\/rnst-propagandart.com\/es\/wp-json\/wp\/v2\/media\/1805"}],"wp:attachment":[{"href":"https:\/\/rnst-propagandart.com\/es\/wp-json\/wp\/v2\/media?parent=1381"}],"curies":[{"name":"wp","href":"https:\/\/api.w.org\/{rel}","templated":true}]}}