{"id":1421,"date":"2025-12-10T09:37:53","date_gmt":"2025-12-10T08:37:53","guid":{"rendered":"https:\/\/rnst-propagandart.com\/?post_type=product&#038;p=1421"},"modified":"2026-03-22T20:25:18","modified_gmt":"2026-03-22T19:25:18","slug":"nino-de-la-noche-negra","status":"publish","type":"product","link":"https:\/\/rnst-propagandart.com\/es\/produit\/kid-of-black-night\/","title":{"rendered":"Ni\u00f1o de noche negra"},"content":{"rendered":"<p data-start=\"524\" data-end=\"773\">Kid of the Black Night es el icono visual del universo RNST.PROPAGANDART.<br data-start=\"609\" data-end=\"612\" \/>Un retrato an\u00f3nimo, que emerge como una plantilla o un cartel pegado a toda prisa,<br data-start=\"693\" data-end=\"696\" \/>s\u00edmbolo de los h\u00e9roes silenciosos que inyectan color a la ciudad gris.<\/p>\n<p data-start=\"775\" data-end=\"958\">Serigraf\u00eda francesa sobre algod\u00f3n suave y resistente de 180 g\/m\u00b2.<br data-start=\"856\" data-end=\"859\" \/>Corte largo unisex, cuello de canal\u00e9, acabado jersey y doble costura para un confort duradero.<\/p>\n<p data-start=\"960\" data-end=\"1080\">Llevar esta camiseta significa salir a la calle:<br data-start=\"1003\" data-end=\"1006\" \/>su autenticidad, su clandestinidad, su rebeld\u00eda.<br data-start=\"1055\" data-end=\"1058\" \/>Extiende la calle.<\/p>","protected":false},"excerpt":{"rendered":"<p>Ni\u00f1o de la Noche Negra.<br data-start=\"222\" data-end=\"225\" \/>Un rostro enmascarado rasgando la oscuridad.<br data-start=\"266\" data-end=\"269\" \/>Stencil, collage salvaje, apariencia clandestina sobre hormig\u00f3n en bruto.<br data-start=\"336\" data-end=\"339\" \/>UN P\u00d3STER DE B\u00daSQUEDA DE LOS H\u00c9ROES SILENCIOSOS:<br data-start=\"382\" data-end=\"385\" \/>los que pasan en la sombra y marcan en silencio.<br data-start=\"438\" data-end=\"441\" \/>Extiende la calle.<\/p>","protected":false},"featured_media":1093,"template":"","meta":{"_monsterinsights_skip_tracking":false,"_monsterinsights_sitenote_active":false,"_monsterinsights_sitenote_note":"","_monsterinsights_sitenote_category":0},"product_brand":[],"product_cat":[35],"product_tag":[58,68],"class_list":{"0":"post-1421","1":"product","2":"type-product","3":"status-publish","4":"has-post-thumbnail","6":"product_cat-adultes","7":"product_tag-propagandart","8":"product_tag-serigraphie","9":"product_shipping_class-textiles","10":"has-post-title","11":"has-post-date","12":"has-post-category","13":"has-post-tag","14":"has-post-comment","15":"has-post-author","16":"","18":"first","19":"instock","20":"taxable","21":"shipping-taxable","22":"purchasable","23":"product-type-variable","24":"has-default-attributes"},"builder_content":"","_links":{"self":[{"href":"https:\/\/rnst-propagandart.com\/es\/wp-json\/wp\/v2\/product\/1421","targetHints":{"allow":["GET"]}}],"collection":[{"href":"https:\/\/rnst-propagandart.com\/es\/wp-json\/wp\/v2\/product"}],"about":[{"href":"https:\/\/rnst-propagandart.com\/es\/wp-json\/wp\/v2\/types\/product"}],"wp:featuredmedia":[{"embeddable":true,"href":"https:\/\/rnst-propagandart.com\/es\/wp-json\/wp\/v2\/media\/1093"}],"wp:attachment":[{"href":"https:\/\/rnst-propagandart.com\/es\/wp-json\/wp\/v2\/media?parent=1421"}],"wp:term":[{"taxonomy":"product_brand","embeddable":true,"href":"https:\/\/rnst-propagandart.com\/es\/wp-json\/wp\/v2\/product_brand?post=1421"},{"taxonomy":"product_cat","embeddable":true,"href":"https:\/\/rnst-propagandart.com\/es\/wp-json\/wp\/v2\/product_cat?post=1421"},{"taxonomy":"product_tag","embeddable":true,"href":"https:\/\/rnst-propagandart.com\/es\/wp-json\/wp\/v2\/product_tag?post=1421"}],"curies":[{"name":"wp","href":"https:\/\/api.w.org\/{rel}","templated":true}]}}