{"id":1428,"date":"2025-12-10T09:38:28","date_gmt":"2025-12-10T08:38:28","guid":{"rendered":"https:\/\/rnst-propagandart.com\/produit\/kid-of-black-night-copy\/"},"modified":"2026-01-31T23:24:30","modified_gmt":"2026-01-31T22:24:30","slug":"salvaje","status":"publish","type":"product","link":"https:\/\/rnst-propagandart.com\/es\/produit\/savage\/","title":{"rendered":"Salvaje"},"content":{"rendered":"<p data-start=\"504\" data-end=\"673\"><strong>SAVAGE<\/strong> encarna el universo RNST.PROPAGANDART a trav\u00e9s de un visual de tintes vintage, en el que cuatro figuras femeninas se responden mutuamente y se unen en una misma fuerza.<\/p>\n<p data-start=\"675\" data-end=\"914\">Estampado en punto de algod\u00f3n de 180 g\/m\u00b2, con corte cl\u00e1sico, mangas rectas y cuello redondo de canal\u00e9.<br data-start=\"786\" data-end=\"789\" \/>Las costuras laterales a\u00f1aden un extra de sujeci\u00f3n, mientras que el blanqueado al \u00e1cido a\u00f1ade una firma rebelde e ind\u00f3cil.<\/p>\n<p data-start=\"916\" data-end=\"1033\">Una camiseta concebida como s\u00edmbolo de solidaridad, libertad y energ\u00eda compartida.<br data-start=\"1000\" data-end=\"1003\" \/><strong>Permaneced salvajes, unidos. Siempre.<\/strong><\/p>","protected":false},"excerpt":{"rendered":"<p><span data-sheets-root=\"1\">Cuatro rostros femeninos, la misma energ\u00eda.<br \/>\nSuave insolencia, feroz belleza, sensibilidad que despierta.<br \/>\nUn esp\u00edritu libre, unido y vibrante.<br \/>\nUna est\u00e9tica directa e indomable.<br \/>\n<strong>Permaneced salvajes, unidos. Siempre.<\/strong><\/span><\/p>","protected":false},"featured_media":1094,"template":"","meta":{"_monsterinsights_skip_tracking":false,"_monsterinsights_sitenote_active":false,"_monsterinsights_sitenote_note":"","_monsterinsights_sitenote_category":0},"product_brand":[],"product_cat":[35],"product_tag":[67,37,68],"class_list":{"0":"post-1428","1":"product","2":"type-product","3":"status-publish","4":"has-post-thumbnail","6":"product_cat-adultes","7":"product_tag-frontshow","8":"product_tag-prime","9":"product_tag-serigraphie","10":"product_shipping_class-textiles","11":"has-post-title","12":"has-post-date","13":"has-post-category","14":"has-post-tag","15":"has-post-comment","16":"has-post-author","17":"","19":"first","20":"instock","21":"taxable","22":"shipping-taxable","23":"purchasable","24":"product-type-variable","25":"has-default-attributes"},"builder_content":"","_links":{"self":[{"href":"https:\/\/rnst-propagandart.com\/es\/wp-json\/wp\/v2\/product\/1428","targetHints":{"allow":["GET"]}}],"collection":[{"href":"https:\/\/rnst-propagandart.com\/es\/wp-json\/wp\/v2\/product"}],"about":[{"href":"https:\/\/rnst-propagandart.com\/es\/wp-json\/wp\/v2\/types\/product"}],"wp:featuredmedia":[{"embeddable":true,"href":"https:\/\/rnst-propagandart.com\/es\/wp-json\/wp\/v2\/media\/1094"}],"wp:attachment":[{"href":"https:\/\/rnst-propagandart.com\/es\/wp-json\/wp\/v2\/media?parent=1428"}],"wp:term":[{"taxonomy":"product_brand","embeddable":true,"href":"https:\/\/rnst-propagandart.com\/es\/wp-json\/wp\/v2\/product_brand?post=1428"},{"taxonomy":"product_cat","embeddable":true,"href":"https:\/\/rnst-propagandart.com\/es\/wp-json\/wp\/v2\/product_cat?post=1428"},{"taxonomy":"product_tag","embeddable":true,"href":"https:\/\/rnst-propagandart.com\/es\/wp-json\/wp\/v2\/product_tag?post=1428"}],"curies":[{"name":"wp","href":"https:\/\/api.w.org\/{rel}","templated":true}]}}