{"id":968,"date":"2025-12-08T12:55:08","date_gmt":"2025-12-08T11:55:08","guid":{"rendered":"https:\/\/rnst-propagandart.com\/?post_type=product&#038;p=968"},"modified":"2026-03-07T20:43:45","modified_gmt":"2026-03-07T19:43:45","slug":"pack-de-coleccionista","status":"publish","type":"product","link":"https:\/\/rnst-propagandart.com\/es\/produit\/pack-collector\/","title":{"rendered":"Pack de coleccionista"},"content":{"rendered":"<p><span data-sheets-root=\"1\">Let Me Shine es un dise\u00f1o de RNST serigrafiado en Francia sobre algod\u00f3n de 180 g\/m\u00b2, suave, denso y hecho para durar.<br \/>\nEl corte largo unisex, el cuello de canal\u00e9, el ribete de punto y las costuras dobles garantizan un ajuste c\u00f3modo y una larga duraci\u00f3n.<br \/>\nM\u00e1s que una simple camiseta, es una prenda reivindicativa: vestir de color, afirmar la expresi\u00f3n, dejar huella.<br \/>\nDise\u00f1ado para personas que eligen iluminar su espacio en lugar de estar sometidos a ella.<br \/>\nEL ARTE ROMPE LAS REGLAS.<\/span><\/p>","protected":false},"excerpt":{"rendered":"<p><span data-sheets-root=\"1\">Plus qu\u2019un coffret&nbsp;: une \u0153uvre.<br \/>\nS\u00f3lo 40 ejemplares.<br \/>\nChaque box est peinte \u00e0 la main par RNST, comme une toile&nbsp;: une pi\u00e8ce unique, encadrable, aucune identique.<br \/>\n\u00c0 l\u2019int\u00e9rieur&nbsp;: un tee-shirt s\u00e9rigraphi\u00e9 main, une affiche sign\u00e9e\/num\u00e9rot\u00e9e, une carte, 4 stickers, une broche Propagandart.<br \/>\nUne fois \u00e9puis\u00e9&nbsp;: jamais r\u00e9\u00e9dit\u00e9.<br \/>\n<\/span><\/p>\n<p><span data-sheets-root=\"1\">Tee-shirt &#8220;Let Me Shine&#8221;&nbsp;: quand la couleur s\u2019invite l\u00e0 o\u00f9 la ville s\u2019\u00e9puise en gris.<br \/>\nUn dibujo de RNST como un estallido de libertad,<br \/>\nuna luz en las paredes y en los ojos.<br \/>\nEL ARTE ROMPE LAS REGLAS.<\/span><\/p>","protected":false},"featured_media":1859,"template":"","meta":{"_monsterinsights_skip_tracking":false,"_monsterinsights_sitenote_active":false,"_monsterinsights_sitenote_note":"","_monsterinsights_sitenote_category":0},"product_brand":[],"product_cat":[35,62],"product_tag":[68],"class_list":{"0":"post-968","1":"product","2":"type-product","3":"status-publish","4":"has-post-thumbnail","6":"product_cat-adultes","7":"product_cat-collectors","8":"product_tag-serigraphie","9":"product_shipping_class-textiles","10":"has-post-title","11":"has-post-date","12":"has-post-category","13":"has-post-tag","14":"has-post-comment","15":"has-post-author","16":"","18":"first","19":"instock","20":"taxable","21":"shipping-taxable","22":"purchasable","23":"product-type-variable","24":"has-default-attributes"},"builder_content":"","_links":{"self":[{"href":"https:\/\/rnst-propagandart.com\/es\/wp-json\/wp\/v2\/product\/968","targetHints":{"allow":["GET"]}}],"collection":[{"href":"https:\/\/rnst-propagandart.com\/es\/wp-json\/wp\/v2\/product"}],"about":[{"href":"https:\/\/rnst-propagandart.com\/es\/wp-json\/wp\/v2\/types\/product"}],"wp:featuredmedia":[{"embeddable":true,"href":"https:\/\/rnst-propagandart.com\/es\/wp-json\/wp\/v2\/media\/1859"}],"wp:attachment":[{"href":"https:\/\/rnst-propagandart.com\/es\/wp-json\/wp\/v2\/media?parent=968"}],"wp:term":[{"taxonomy":"product_brand","embeddable":true,"href":"https:\/\/rnst-propagandart.com\/es\/wp-json\/wp\/v2\/product_brand?post=968"},{"taxonomy":"product_cat","embeddable":true,"href":"https:\/\/rnst-propagandart.com\/es\/wp-json\/wp\/v2\/product_cat?post=968"},{"taxonomy":"product_tag","embeddable":true,"href":"https:\/\/rnst-propagandart.com\/es\/wp-json\/wp\/v2\/product_tag?post=968"}],"curies":[{"name":"wp","href":"https:\/\/api.w.org\/{rel}","templated":true}]}}