{"id":820,"date":"2025-11-16T17:22:07","date_gmt":"2025-11-16T16:22:07","guid":{"rendered":"https:\/\/rnst-propagandart.com\/mon-compte\/"},"modified":"2025-12-18T02:54:05","modified_gmt":"2025-12-18T01:54:05","slug":"il-mio-conto","status":"publish","type":"page","link":"https:\/\/rnst-propagandart.com\/it\/mon-compte\/","title":{"rendered":"Il mio account"},"content":{"rendered":"<!--themify_builder_content-->\n<div id=\"themify_builder_content-820\" data-postid=\"820\" class=\"themify_builder_content themify_builder_content-820 themify_builder tf_clear\">\n                    <div  data-lazy=\"1\" class=\"module_row themify_builder_row tb_hu1u600 tb_first tf_w\">\n                        <div class=\"row_inner col_align_middle gutter-none tb_col_count_2 tf_box tf_rel\">\n                        <div  data-lazy=\"1\" class=\"module_column tb-column col4-2 tb_yz4z600 first\">\n                    <!-- module image -->\n<div  class=\"module module-image tb_o9dt533 image-left   tf_mw\" data-lazy=\"1\">\n        <div class=\"image-wrap tf_rel tf_mw\">\n            <img loading=\"lazy\" decoding=\"async\" src=\"https:\/\/rnst-propagandart.com\/wp-content\/uploads\/2025\/12\/logo-rnst-white-1-200x200.jpg\" width=\"200\" height=\"200\" class=\"wp-post-image wp-image-1742\" title=\"logo insta2\" alt=\"logo insta2\" srcset=\"https:\/\/rnst-propagandart.com\/wp-content\/uploads\/2025\/12\/logo-rnst-white-1-200x200.jpg 200w, https:\/\/rnst-propagandart.com\/wp-content\/uploads\/2025\/12\/logo-rnst-white-1-300x300.jpg 300w, https:\/\/rnst-propagandart.com\/wp-content\/uploads\/2025\/12\/logo-rnst-white-1-150x150.jpg 150w, https:\/\/rnst-propagandart.com\/wp-content\/uploads\/2025\/12\/logo-rnst-white-1-768x768.jpg 768w, https:\/\/rnst-propagandart.com\/wp-content\/uploads\/2025\/12\/logo-rnst-white-1-12x12.jpg 12w, https:\/\/rnst-propagandart.com\/wp-content\/uploads\/2025\/12\/logo-rnst-white-1-600x600.jpg 600w, https:\/\/rnst-propagandart.com\/wp-content\/uploads\/2025\/12\/logo-rnst-white-1-100x100.jpg 100w, https:\/\/rnst-propagandart.com\/wp-content\/uploads\/2025\/12\/logo-rnst-white-1.jpg 800w\" sizes=\"auto, (max-width: 200px) 100vw, 200px\" \/>    \n        <\/div>\n    <!-- \/image-wrap -->\n    \n        <\/div>\n<!-- \/module image -->        <\/div>\n                    <div  data-lazy=\"1\" class=\"module_column tb-column col4-2 tb_l2tz379 last\">\n                    <!-- module text -->\n<div  class=\"module module-text tb_q6vl685    wow\" data-tf-animation=\"fadeIn\" data-lazy=\"1\">\n        <div  class=\"tb_text_wrap\">\n        <h3>IL MIO ACCOUNT<\/h3>\n<p>I conti <strong>rnst-art.com<\/strong> non sono validi in questo negozio.<br><strong>Suggerimento<\/strong> \u00c8 possibile creare un account anche qui, utilizzando gli stessi dati di accesso.<\/p>    <\/div>\n<\/div>\n<!-- \/module text -->        <\/div>\n                        <\/div>\n        <\/div>\n                        <div  data-lazy=\"1\" class=\"module_row themify_builder_row tb_yj4a960 tf_w\">\n                        <div class=\"row_inner col_align_top tb_col_count_1 tf_box tf_rel\">\n                        <div  data-lazy=\"1\" class=\"module_column tb-column col-full tb_tepm961 first\">\n                    <!-- module plain text -->\n<div  class=\"module module-plain-text tb_v7c2917  wow\" data-tf-animation=\"fadeIn\" data-tf-animation_delay=\"0.5\" data-lazy=\"1\">\n        <div class=\"tb_text_wrap\">\n    <div class=\"woocommerce\"><\/div>    <\/div>\n<\/div>\n<!-- \/module plain text -->        <\/div>\n                        <\/div>\n        <\/div>\n        <\/div>\n<!--\/themify_builder_content-->","protected":false},"excerpt":{"rendered":"<p>MON COMPTE Les comptes rnst-art.com ne sont pas valables sur cette boutique. Astuce&nbsp;: vous pouvez cr\u00e9er un compte ici avec les m\u00eames identifiants pour plus de simplicit\u00e9.<\/p>","protected":false},"author":1,"featured_media":1805,"parent":0,"menu_order":0,"comment_status":"closed","ping_status":"closed","template":"","meta":{"_monsterinsights_skip_tracking":false,"_monsterinsights_sitenote_active":false,"_monsterinsights_sitenote_note":"","_monsterinsights_sitenote_category":0,"footnotes":""},"class_list":["post-820","page","type-page","status-publish","has-post-thumbnail","hentry","has-post-title","has-post-date","has-post-category","has-post-tag","has-post-comment","has-post-author",""],"builder_content":"<img src=\"https:\/\/rnst-propagandart.com\/wp-content\/uploads\/2025\/12\/logo-rnst-white-1-200x200.jpg\" width=\"200\" height=\"200\" title=\"logo insta2\" alt=\"logo insta2\" srcset=\"https:\/\/rnst-propagandart.com\/wp-content\/uploads\/2025\/12\/logo-rnst-white-1-200x200.jpg 200w, https:\/\/rnst-propagandart.com\/wp-content\/uploads\/2025\/12\/logo-rnst-white-1-300x300.jpg 300w, https:\/\/rnst-propagandart.com\/wp-content\/uploads\/2025\/12\/logo-rnst-white-1-150x150.jpg 150w, https:\/\/rnst-propagandart.com\/wp-content\/uploads\/2025\/12\/logo-rnst-white-1-768x768.jpg 768w, https:\/\/rnst-propagandart.com\/wp-content\/uploads\/2025\/12\/logo-rnst-white-1-12x12.jpg 12w, https:\/\/rnst-propagandart.com\/wp-content\/uploads\/2025\/12\/logo-rnst-white-1-600x600.jpg 600w, https:\/\/rnst-propagandart.com\/wp-content\/uploads\/2025\/12\/logo-rnst-white-1-100x100.jpg 100w, https:\/\/rnst-propagandart.com\/wp-content\/uploads\/2025\/12\/logo-rnst-white-1.jpg 800w\" sizes=\"(max-width: 200px) 100vw, 200px\" \/>\n<h3>MON COMPTE<\/h3> <p>Les comptes <strong>rnst-art.com<\/strong> ne sont pas valables sur cette boutique.<br><strong>Astuce<\/strong> : vous pouvez cr\u00e9er un compte ici avec les m\u00eames identifiants pour plus de simplicit\u00e9.<\/p>\n[woocommerce_my_account]","_links":{"self":[{"href":"https:\/\/rnst-propagandart.com\/it\/wp-json\/wp\/v2\/pages\/820","targetHints":{"allow":["GET"]}}],"collection":[{"href":"https:\/\/rnst-propagandart.com\/it\/wp-json\/wp\/v2\/pages"}],"about":[{"href":"https:\/\/rnst-propagandart.com\/it\/wp-json\/wp\/v2\/types\/page"}],"author":[{"embeddable":true,"href":"https:\/\/rnst-propagandart.com\/it\/wp-json\/wp\/v2\/users\/1"}],"replies":[{"embeddable":true,"href":"https:\/\/rnst-propagandart.com\/it\/wp-json\/wp\/v2\/comments?post=820"}],"version-history":[{"count":5,"href":"https:\/\/rnst-propagandart.com\/it\/wp-json\/wp\/v2\/pages\/820\/revisions"}],"predecessor-version":[{"id":2065,"href":"https:\/\/rnst-propagandart.com\/it\/wp-json\/wp\/v2\/pages\/820\/revisions\/2065"}],"wp:featuredmedia":[{"embeddable":true,"href":"https:\/\/rnst-propagandart.com\/it\/wp-json\/wp\/v2\/media\/1805"}],"wp:attachment":[{"href":"https:\/\/rnst-propagandart.com\/it\/wp-json\/wp\/v2\/media?parent=820"}],"curies":[{"name":"wp","href":"https:\/\/api.w.org\/{rel}","templated":true}]}}