{"id":821,"date":"2025-12-10T05:39:24","date_gmt":"2025-12-10T04:39:24","guid":{"rendered":"https:\/\/rnst-propagandart.com\/?page_id=821"},"modified":"2025-12-18T02:58:48","modified_gmt":"2025-12-18T01:58:48","slug":"feedback-e-scambi","status":"publish","type":"page","link":"https:\/\/rnst-propagandart.com\/it\/retours-echanges\/","title":{"rendered":"Feedback e discussione"},"content":{"rendered":"<!--themify_builder_content-->\n<div id=\"themify_builder_content-821\" data-postid=\"821\" class=\"themify_builder_content themify_builder_content-821 themify_builder tf_clear\">\n                    <div  data-lazy=\"1\" class=\"module_row themify_builder_row tb_dl3y478 tb_first tf_w\">\n            <span  class=\"builder_row_cover tf_abs\" data-lazy=\"1\"><\/span>            <div class=\"row_inner col_align_top tb_col_count_1 tf_box tf_rel\">\n                        <div  data-lazy=\"1\" class=\"module_column tb-column col-full tb_1v6n478 first\">\n                    <!-- module text -->\n<div  class=\"module module-text tb_8q47907\" data-lazy=\"1\">\n        <div  class=\"tb_text_wrap\">\n        <h2>FEEDBACK E DISCUSSIONE<\/h2>    <\/div>\n<\/div>\n<!-- \/module text -->        <\/div>\n                        <\/div>\n        <\/div>\n                        <div  data-lazy=\"1\" class=\"module_row themify_builder_row tb_xijj719 tf_w\">\n                        <div class=\"row_inner col_align_top tb_col_count_1 tf_box tf_rel\">\n                        <div  data-lazy=\"1\" class=\"module_column tb-column col-full tb_qhp6719 first\">\n                    <!-- module text -->\n<div  class=\"module module-text tb_ashc719\" data-lazy=\"1\">\n        <div  class=\"tb_text_wrap\">\n        <h3>1. Richiesta di restituzione<\/h3>\n<p>Prima di effettuare un reso, \u00e8 indispensabile contattare il nostro servizio clienti per poter convalidare insieme la richiesta.<br>A tal fine, il nostro team vi chieder\u00e0 ulteriori informazioni e documenti. Una volta ricevute queste informazioni, il nostro team confermer\u00e0 se il reso pu\u00f2 essere accettato. Nessun pacco inviato senza previa richiesta sar\u00e0 elaborato o accettato.<\/p>\n<p>Il cliente ha 14 giorni di tempo dal ricevimento dell'ordine per effettuare questa richiesta.<\/p>\n<p>Al momento della richiesta :<br>- Il motivo della restituzione \u00e8 obbligatorio.<br>- La richiesta deve essere convalidata dai nostri team prima di poter essere restituita.<\/p>\n<h3>2. Condizioni per l'accettazione del reso<\/h3>\n<p>Una volta che la vostra richiesta \u00e8 stata convalidata dai nostri team, potete restituire il vostro pacco secondo le regole seguenti:<br>- Il pacco deve contenere il numero d'ordine (cartaceo, nota o stampa).<br>- I prodotti devono essere nuovi, non indossati, non lavati e con le etichette intatte.<br>- Le spese di spedizione per la restituzione sono a carico del cliente (ad eccezione degli errori imputabili a RNST-PROPAGANDART).<br>- Qualsiasi pacco inviato senza previa convalida o senza numero d'ordine pu\u00f2 essere rifiutato o non elaborato.<br><br>Non saranno accettate restituzioni non autorizzate o non identificabili.<br>Una volta ricevuto il pacco, il nostro team logistico controller\u00e0 le condizioni dei prodotti. Il rimborso verr\u00e0 elaborato entro un massimo di 14 giorni lavorativi e le spese di restituzione verranno detratte dall'importo rimborsato.<\/p>\n<h3>3. Diritto di recesso (informazioni legali)<\/h3>\n<p>Ai sensi degli articoli L221-18 e seguenti del Codice del Consumo francese, il cliente dispone di un termine legale di 14 giorni dal ricevimento dell'ordine per esercitare il diritto di recesso.<br>Questo diritto vi d\u00e0 diritto a un rimborso, a condizione che :<br>- L'articolo non \u00e8 stato indossato, provato o lavato,<br>- L'articolo deve essere rigorosamente disimballato, con l'imballaggio originale intatto,<br>- Si invia una richiesta formale solo via e-mail: <a href=\"mailto:contact@rnst-propagandart.com\"><strong>contact@rnst-propagandart.com<\/strong><\/a><br>- Utilizzate il modulo di recesso qui sotto o una dichiarazione chiara.<br>Il diritto di recesso non deve essere utilizzato per provare un articolo.<br>Le spese di restituzione della merce sono a carico del cliente (tranne in caso di errore imputabile a RNST-PROPAGANDART).<br>Il rimborso comprende gli articoli restituiti e le spese di spedizione standard iniziali.<br>Ci\u00f2 avverr\u00e0 entro 14 giorni dal ricevimento e dall'ispezione del reso.<\/p>\n<p><strong style=\"color: #292929;\">Modulo di ritiro :<\/strong><\/p>\n<p>Copiare e incollare e inviare un'e-mail a <a href=\"mailto:contact@rnst-propagandart.com\"><strong style=\"caret-color: #000000; color: #000000; letter-spacing: normal;\">contact@rnst-propagandart.com<\/strong><\/a><\/p>\n<p>Con la presente comunico il mio recesso dal contratto relativo all'ordine :<br>Numero d'ordine : ___________<br>Ricevuto il : ___ \/ ___ \/ 20__<br>Nome: ___________<br>Indirizzo: ___________<br>Prodotti interessati: ___________<br>Data della richiesta : ___ \/ ___ \/ 20__<\/p>\n<h3>4. Prodotti in vendita ed edizioni limitate, scatole di opere d'arte<\/h3>\n<p>I prodotti in vendita, le edizioni limitate e le scatole d'arte non possono essere restituiti o sostituiti.<\/p>\n<h3>5. Indirizzo di ritorno<\/h3>\n<p>Frammento<br>265 route des Bartelins<br>73100 Pugny Chatenod<br>Francia<\/p>\n<p>Attendere che la richiesta sia convalidata prima di inviarla.<\/p>\n<h3>6. Avete bisogno di aiuto?<\/h3>\n<p>Il nostro servizio clienti \u00e8 disponibile via e-mail per qualsiasi domanda relativa a resi o cambi. Contattateci a questo indirizzo e-mail:\u00a0<strong style=\"caret-color: #000000; color: #000000; letter-spacing: normal;\">contact@rnst-propagandart.com<\/strong><\/p>\n<h4>Cosa posso fare se c'\u00e8 un problema con il mio ordine?<\/h4>\n<p>Prima di tutto, vorremmo scusarci se la vostra esperienza di consegna non \u00e8 stata all'altezza. Ogni pacco viene preparato con cura, ma qualcosa pu\u00f2 sempre andare storto e noi siamo qui per aiutarvi. Ecco i passi da seguire a seconda della situazione:<br><br><span style=\"color: #292929;\"><strong>Al mio pacco manca un prodotto<\/strong><\/span><\/p>\n<p>Per prima cosa controllate la fattura ricevuta nell'e-mail di conferma dell'ordine.<br>Se un articolo manca senza che sia stato menzionato nell'e-mail di spedizione, vi preghiamo di contattarci tramite il nostro sito web <strong><a href=\"https:\/\/rnst-propagandart.com\/it\/contatto\/\">modulo di contatto<\/a><\/strong> specificando :<br>- Il numero d'ordine<br>- Il prodotto mancante<br>- Una foto del contenuto del pacco ricevuto<br>Vi risponderemo rapidamente con una soluzione personalizzata<\/p>\n<p><span style=\"color: #292929;\"><strong>Il mio pacco \u00e8 arrivato danneggiato<\/strong><\/span><\/p>\n<p>Fotografare il pacco al momento del ricevimento entro 48 ore dalla ricezione dell'ordine con le seguenti foto:<br>- Danni al prodotto<br>- All'interno del pacco<br>- L'esterno del pacco<br>- L'esterno del pacco con l'etichetta di spedizione ben visibile<br><br>Inviateli a noi tramite <strong><a href=\"https:\/\/rnst-propagandart.com\/it\/contatto\/\">modulo di contatto<\/a><\/strong> con il numero d'ordine.<br>Saremo quindi in grado di aprire un'indagine con il vettore e di offrirvi una soluzione il prima possibile.<\/p>\n<p><span style=\"color: #292929;\"><strong>Il prodotto sembra essere difettoso o presenta un difetto<\/strong><\/span><\/p>\n<p>Grazie per averci inviato :<br>- Una foto del prodotto in questione<br>- Descrizione del problema riscontrato<br>Il nostro team analizzer\u00e0 la situazione per garantire la qualit\u00e0 della vostra esperienza.<\/p>\n<p>Tutti questi elementi sono essenziali per poter aprire una richiesta al vettore e trovare rapidamente una soluzione.<\/p>    <\/div>\n<\/div>\n<!-- \/module text -->        <\/div>\n                        <\/div>\n        <\/div>\n        <\/div>\n<!--\/themify_builder_content-->","protected":false},"excerpt":{"rendered":"<p>RETOURS ET \u00c9CHANGES 1. Faire une demande de retour Avant d\u2019effectuer un retour, il est indispensable de contacter notre service client afin que nous puissions valider ensemble votre demande. Pour cela, il vous sera demand\u00e9 des informations et documents suppl\u00e9mentaires par notre \u00e9quipe. D\u00e8s r\u00e9ception de ces \u00e9l\u00e9ments, notre \u00e9quipe vous confirmera si le retour [&hellip;]<\/p>\n","protected":false},"author":1,"featured_media":1805,"parent":0,"menu_order":0,"comment_status":"closed","ping_status":"closed","template":"","meta":{"_monsterinsights_skip_tracking":false,"_monsterinsights_sitenote_active":false,"_monsterinsights_sitenote_note":"","_monsterinsights_sitenote_category":0,"footnotes":""},"class_list":["post-821","page","type-page","status-publish","has-post-thumbnail","hentry","has-post-title","has-post-date","has-post-category","has-post-tag","has-post-comment","has-post-author",""],"builder_content":"<h2>RETOURS ET \u00c9CHANGES<\/h2>\n<h3>1. Faire une demande de retour<\/h3> <p>Avant d\u2019effectuer un retour, il est indispensable de contacter notre service client afin que nous puissions valider ensemble votre demande.<br>Pour cela, il vous sera demand\u00e9 des informations et documents suppl\u00e9mentaires par notre \u00e9quipe. D\u00e8s r\u00e9ception de ces \u00e9l\u00e9ments, notre \u00e9quipe vous confirmera si le retour peut \u00eatre accept\u00e9. Aucun colis envoy\u00e9 sans demande pr\u00e9alable ne pourra \u00eatre trait\u00e9 ou accept\u00e9.<\/p> <p>Vous disposez de 14 jours apr\u00e8s r\u00e9ception de votre commande pour effectuer cette demande.<\/p> <p>Lors de votre demande :<br>- Le motif du retour est obligatoire.<br>- La demande doit \u00eatre valid\u00e9e par nos \u00e9quipes avant tout renvoi.<\/p> <h3>2. Conditions d\u2019acceptation du retour<\/h3> <p>Une fois votre demande valid\u00e9e par nos \u00e9quipes, vous pouvez renvoyer votre colis en respectant les r\u00e8gles suivantes :<br>- Le colis doit obligatoirement contenir le num\u00e9ro de votre commande (papier, note ou impression).<br>- Les produits doivent \u00eatre neufs, non port\u00e9s, non lav\u00e9s, avec leurs \u00e9tiquettes intactes.<br>- Les frais de retour sont \u00e0 la charge du client (hors erreur imputable \u00e0 RNST-PROPAGANDART)<br>- Tout colis envoy\u00e9 sans validation pr\u00e9alable ou sans num\u00e9ro de commande pourra \u00eatre refus\u00e9 ou non trait\u00e9.<br><br>Aucun retour non autoris\u00e9 ou non identifiable ne pourra \u00eatre pris en charge.<br>Une fois votre colis re\u00e7u, notre \u00e9quipe logistique proc\u00e9dera \u00e0 une v\u00e9rification de l\u2019\u00e9tat des produits. Le remboursement sera ensuite d\u00e9clench\u00e9 dans un d\u00e9lai maximum de 14 jours ouvr\u00e9s et les frais de retour seront d\u00e9duits du montant rembours\u00e9.<\/p> <h3>3. Droit de r\u00e9tractation (information l\u00e9gale)<\/h3> <p>Conform\u00e9ment aux articles L221-18 et suivants du Code de la consommation, vous disposez d\u2019un d\u00e9lai l\u00e9gal de 14 jours \u00e0 compter de la r\u00e9ception de votre commande pour exercer votre droit de r\u00e9tractation.<br>Ce droit permet un remboursement, \u00e0 condition que :<br>- L\u2019article n\u2019ait pas \u00e9t\u00e9 port\u00e9, essay\u00e9 ou lav\u00e9,<br>- L\u2019article soit strictement non d\u00e9ball\u00e9, avec son emballage d\u2019origine intact,<br>- Vous envoyiez une demande formelle par email uniquement : <a href=\"mailto:contact@rnst-propagandart.com\"><strong>contact@rnst-propagandart.com<\/strong><\/a><br>- Vous utilisiez le formulaire de r\u00e9tractation ci-dessous ou une d\u00e9claration claire.<br>Le droit de r\u00e9tractation ne doit pas \u00eatre utilis\u00e9 pour essayer un article.<br>Les frais de retour sont \u00e0 la charge du client (hors erreur imputable \u00e0 RNST-PROPAGANDART).<br>Le remboursement inclut les articles retourn\u00e9s ainsi que les frais de livraison standard initiaux.<br>Il sera effectu\u00e9 dans un d\u00e9lai de 14 jours apr\u00e8s r\u00e9ception et contr\u00f4le du retour.<\/p> <p><strong style=\"color: #292929;\">Formulaire de r\u00e9tractation :<\/strong><\/p> <p>\u00c0 copier-coller et envoyer par email \u00e0 <a href=\"mailto:contact@rnst-propagandart.com\"><strong style=\"caret-color: #000000; color: #000000; letter-spacing: normal;\">contact@rnst-propagandart.com<\/strong><\/a><\/p> <p>Je vous notifie par la pr\u00e9sente ma r\u00e9tractation du contrat portant sur la commande :<br>Num\u00e9ro de commande : ___________<br>Re\u00e7ue le : ___ \/ ___ \/ 20__<br>Nom : ___________<br>Adresse : ___________<br>Produits concern\u00e9s : ___________<br>Date de la demande : ___ \/ ___ \/ 20__<\/p> <h3>4. Produits sold\u00e9s et les \u00e9ditions limit\u00e9es, coffrets \u0153uvre d\u2019art<\/h3> <p>Les produits sold\u00e9s et les \u00e9ditions limit\u00e9es, coffrets \u0153uvre d\u2019art ne sont ni repris ni \u00e9chang\u00e9s<\/p> <h3>5. Adresse de retour<\/h3> <p>Fragment<br>265 route des Bartelins<br>73100 Pugny Chatenod<br>France<\/p> <p>Veuillez attendre la validation de votre demande avant tout envoi.<\/p> <h3>6. Besoin d\u2019aide ?<\/h3> <p>Notre service client est disponible \u00e0 email pour toute question relative \u00e0 vos retours ou \u00e9changes. Contactez-nous \u00e0 cette adresse mail :\u00a0<strong style=\"caret-color: #000000; color: #000000; letter-spacing: normal;\">contact@rnst-propagandart.com<\/strong><\/p> <h4>Comment puis-je faire si ma commande pr\u00e9sente un souci ?<\/h4> <p>D\u2019abord toutes nos excuses si votre exp\u00e9rience de livraison n\u2019a pas \u00e9t\u00e9 \u00e0 la hauteur. Chaque colis est pr\u00e9par\u00e9 avec soin, mais un al\u00e9a peut toujours survenir et nous sommes l\u00e0 pour vous accompagner. Voici la marche \u00e0 suivre selon le cas rencontr\u00e9 :<br><br><strong>Il manque un produit dans mon colis<\/strong><\/p> <p>Tout d'abord v\u00e9rifier votre facture re\u00e7ue dans votre email de confirmation de commande.<br>Si un article est absent sans mention dans le mail d\u2019exp\u00e9dition, contactez-nous via notre <strong><a href=\"https:\/\/rnst-propagandart.com\/contact\/\">formulaire de contact<\/a><\/strong> en pr\u00e9cisant :<br>- Le num\u00e9ro de commande<br>- Le produit manquant<br>- Une photo du contenu du colis re\u00e7u<br>Nous vous r\u00e9pondrons rapidement avec une solution adapt\u00e9e<\/p> <p><strong>Mon colis est arriv\u00e9 endommag\u00e9<\/strong><\/p> <p>Prenez des photos du colis \u00e0 r\u00e9ception dans les 48 heures apr\u00e8s r\u00e9ception de la commande avec les photos suivantes :<br>- Les dommages constat\u00e9s sur le produit<br>- L\u2019int\u00e9rieur du colis<br>- L\u2019ext\u00e9rieur du colis<br>- L\u2019ext\u00e9rieur du colis avec l\u2019\u00e9tiquette d\u2019exp\u00e9dition bien lisible<br><br>Envoyez-les-nous via le <strong><a href=\"https:\/\/rnst-propagandart.com\/contact\/\">formulaire de contact<\/a><\/strong> avec votre num\u00e9ro de commande.<br>Nous pourrons ainsi ouvrir une enqu\u00eate aupr\u00e8s du transporteur et vous proposer une solution dans les plus brefs d\u00e9lais.<\/p> <p><strong>Le produit semble d\u00e9fectueux ou pr\u00e9sente un d\u00e9faut<\/strong><\/p> <p>Merci de nous transmettre :<br>- Une photo du produit concern\u00e9<br>- Une description du probl\u00e8me rencontr\u00e9<br>Notre \u00e9quipe analysera la situation pour garantir la qualit\u00e9 de votre exp\u00e9rience.<\/p> <p>L'ensemble de ces \u00e9l\u00e9ments sont indispensables pour que nous puissions ouvrir une enqu\u00eate aupr\u00e8s du transporteur et trouver une solution rapidement.<\/p>","_links":{"self":[{"href":"https:\/\/rnst-propagandart.com\/it\/wp-json\/wp\/v2\/pages\/821","targetHints":{"allow":["GET"]}}],"collection":[{"href":"https:\/\/rnst-propagandart.com\/it\/wp-json\/wp\/v2\/pages"}],"about":[{"href":"https:\/\/rnst-propagandart.com\/it\/wp-json\/wp\/v2\/types\/page"}],"author":[{"embeddable":true,"href":"https:\/\/rnst-propagandart.com\/it\/wp-json\/wp\/v2\/users\/1"}],"replies":[{"embeddable":true,"href":"https:\/\/rnst-propagandart.com\/it\/wp-json\/wp\/v2\/comments?post=821"}],"version-history":[{"count":5,"href":"https:\/\/rnst-propagandart.com\/it\/wp-json\/wp\/v2\/pages\/821\/revisions"}],"predecessor-version":[{"id":2071,"href":"https:\/\/rnst-propagandart.com\/it\/wp-json\/wp\/v2\/pages\/821\/revisions\/2071"}],"wp:featuredmedia":[{"embeddable":true,"href":"https:\/\/rnst-propagandart.com\/it\/wp-json\/wp\/v2\/media\/1805"}],"wp:attachment":[{"href":"https:\/\/rnst-propagandart.com\/it\/wp-json\/wp\/v2\/media?parent=821"}],"curies":[{"name":"wp","href":"https:\/\/api.w.org\/{rel}","templated":true}]}}