{"id":1414,"date":"2025-12-10T09:35:03","date_gmt":"2025-12-10T08:35:03","guid":{"rendered":"https:\/\/rnst-propagandart.com\/produit\/let-me-shine-copy\/"},"modified":"2025-12-25T15:05:20","modified_gmt":"2025-12-25T14:05:20","slug":"fuori-dalla-macchina","status":"publish","type":"product","link":"https:\/\/rnst-propagandart.com\/it\/produit\/out-of-the-machine\/","title":{"rendered":"Fuori dalla macchina"},"content":{"rendered":"<p data-start=\"522\" data-end=\"694\">Questa immagine \u00e8 stata scattata a Zagabria, in un ospedale abbandonato.<br data-start=\"582\" data-end=\"585\" \/>Una fotografia in bianco e nero di uno stencil posizionato sul posto, strappato dal terreno, senza alcun filtro o messa in scena.<\/p>\n<p data-start=\"696\" data-end=\"879\">Stampa serigrafica in Francia su cotone <strong data-start=\"731\" data-end=\"743\">180 g\/m\u00b2<\/strong>, morbido e resistente.<br data-start=\"763\" data-end=\"766\" \/>Taglio lungo unisex, colletto a coste, finitura in jersey e doppie cuciture per una vestibilit\u00e0 comoda e duratura.<\/p>\n<p data-start=\"881\" data-end=\"1054\">Una maglietta per chi crede nell'autenticit\u00e0 della street art:<br data-start=\"961\" data-end=\"964\" \/>il reale senza compromessi.<br data-start=\"995\" data-end=\"998\" \/>Diventa l'ultimo testimone.<br data-start=\"1024\" data-end=\"1027\" \/><strong data-start=\"1027\" data-end=\"1054\">LA VERA STRADA NON MENTE MAI.<\/strong><\/p>","protected":false},"excerpt":{"rendered":"<p>Dipinto a Zagabria, in un ospedale devastato.<br data-start=\"240\" data-end=\"243\" \/>Un'immagine grezza, catturata sul campo, senza ritocchi.<br data-start=\"297\" data-end=\"300\" \/>Noir &amp; blanc, pochoir en situation&nbsp;:<br data-start=\"336\" data-end=\"339\" \/>realt\u00e0 cos\u00ec com'\u00e8, ruvida, non negoziabile.<br data-start=\"386\" data-end=\"389\" \/>Un frammento di strada congelato allo stato puro.<br data-start=\"431\" data-end=\"434\" \/><strong data-start=\"434\" data-end=\"461\">LA VERA STRADA NON MENTE MAI.<\/strong><\/p>","protected":false},"featured_media":1110,"template":"","meta":{"_monsterinsights_skip_tracking":false,"_monsterinsights_sitenote_active":false,"_monsterinsights_sitenote_note":"","_monsterinsights_sitenote_category":0},"product_brand":[],"product_cat":[35],"product_tag":[57,67,68],"class_list":{"0":"post-1414","1":"product","2":"type-product","3":"status-publish","4":"has-post-thumbnail","6":"product_cat-adultes","7":"product_tag-dont-give-up-the-street","8":"product_tag-frontshow","9":"product_tag-serigraphie","10":"product_shipping_class-textiles","11":"has-post-title","12":"has-post-date","13":"has-post-category","14":"has-post-tag","15":"has-post-comment","16":"has-post-author","17":"","19":"first","20":"instock","21":"taxable","22":"shipping-taxable","23":"purchasable","24":"product-type-variable","25":"has-default-attributes"},"builder_content":"","_links":{"self":[{"href":"https:\/\/rnst-propagandart.com\/it\/wp-json\/wp\/v2\/product\/1414","targetHints":{"allow":["GET"]}}],"collection":[{"href":"https:\/\/rnst-propagandart.com\/it\/wp-json\/wp\/v2\/product"}],"about":[{"href":"https:\/\/rnst-propagandart.com\/it\/wp-json\/wp\/v2\/types\/product"}],"wp:featuredmedia":[{"embeddable":true,"href":"https:\/\/rnst-propagandart.com\/it\/wp-json\/wp\/v2\/media\/1110"}],"wp:attachment":[{"href":"https:\/\/rnst-propagandart.com\/it\/wp-json\/wp\/v2\/media?parent=1414"}],"wp:term":[{"taxonomy":"product_brand","embeddable":true,"href":"https:\/\/rnst-propagandart.com\/it\/wp-json\/wp\/v2\/product_brand?post=1414"},{"taxonomy":"product_cat","embeddable":true,"href":"https:\/\/rnst-propagandart.com\/it\/wp-json\/wp\/v2\/product_cat?post=1414"},{"taxonomy":"product_tag","embeddable":true,"href":"https:\/\/rnst-propagandart.com\/it\/wp-json\/wp\/v2\/product_tag?post=1414"}],"curies":[{"name":"wp","href":"https:\/\/api.w.org\/{rel}","templated":true}]}}