{"id":821,"date":"2025-12-10T05:39:24","date_gmt":"2025-12-10T04:39:24","guid":{"rendered":"https:\/\/rnst-propagandart.com\/?page_id=821"},"modified":"2025-12-18T02:58:48","modified_gmt":"2025-12-18T01:58:48","slug":"%e3%83%95%e3%82%a3%e3%83%bc%e3%83%89%e3%83%90%e3%83%83%e3%82%af%e3%81%a8%e4%ba%a4%e6%8f%9b","status":"publish","type":"page","link":"https:\/\/rnst-propagandart.com\/ja\/retours-echanges\/","title":{"rendered":"\u30d5\u30a3\u30fc\u30c9\u30d0\u30c3\u30af\u3068\u30c7\u30a3\u30b9\u30ab\u30c3\u30b7\u30e7\u30f3"},"content":{"rendered":"<!--themify_builder_content-->\n<div id=\"themify_builder_content-821\" data-postid=\"821\" class=\"themify_builder_content themify_builder_content-821 themify_builder tf_clear\">\n                    <div  data-lazy=\"1\" class=\"module_row themify_builder_row tb_dl3y478 tb_first tf_w\">\n            <span  class=\"builder_row_cover tf_abs\" data-lazy=\"1\"><\/span>            <div class=\"row_inner col_align_top tb_col_count_1 tf_box tf_rel\">\n                        <div  data-lazy=\"1\" class=\"module_column tb-column col-full tb_1v6n478 first\">\n                    <!-- module text -->\n<div  class=\"module module-text tb_8q47907\" data-lazy=\"1\">\n        <div  class=\"tb_text_wrap\">\n        <h2>\u30d5\u30a3\u30fc\u30c9\u30d0\u30c3\u30af\u3068\u30c7\u30a3\u30b9\u30ab\u30c3\u30b7\u30e7\u30f3<\/h2>    <\/div>\n<\/div>\n<!-- \/module text -->        <\/div>\n                        <\/div>\n        <\/div>\n                        <div  data-lazy=\"1\" class=\"module_row themify_builder_row tb_xijj719 tf_w\">\n                        <div class=\"row_inner col_align_top tb_col_count_1 tf_box tf_rel\">\n                        <div  data-lazy=\"1\" class=\"module_column tb-column col-full tb_qhp6719 first\">\n                    <!-- module text -->\n<div  class=\"module module-text tb_ashc719\" data-lazy=\"1\">\n        <div  class=\"tb_text_wrap\">\n        <h3>1.\u8fd4\u54c1\u4f9d\u983c<\/h3>\n<p>\u3054\u8fd4\u54c1\u3092\u3055\u308c\u308b\u524d\u306b\u3001\u5fc5\u305a\u30ab\u30b9\u30bf\u30de\u30fc\u30b5\u30fc\u30d3\u30b9\u307e\u3067\u3054\u9023\u7d61\u304f\u3060\u3055\u3044\u3002.<br>\u305d\u306e\u305f\u3081\u3001\u5f0a\u793e\u30c1\u30fc\u30e0\u306f\u304a\u5ba2\u69d8\u306b\u8ffd\u52a0\u60c5\u5831\u3084\u66f8\u985e\u306e\u63d0\u51fa\u3092\u304a\u9858\u3044\u3057\u3066\u304a\u308a\u307e\u3059\u3002\u3053\u308c\u3089\u306e\u60c5\u5831\u3092\u53d7\u3051\u53d6\u308a\u6b21\u7b2c\u3001\u8fd4\u54c1\u3092\u304a\u53d7\u3051\u3067\u304d\u308b\u304b\u3069\u3046\u304b\u3092\u78ba\u8a8d\u3055\u305b\u3066\u3044\u305f\u3060\u304d\u307e\u3059\u3002\u4e8b\u524d\u306e\u304a\u7533\u3057\u51fa\u306a\u304f\u8fd4\u9001\u3055\u308c\u305f\u5c0f\u5305\u306f\u3001\u51e6\u7406\u307e\u305f\u306f\u53d7\u7406\u3055\u308c\u307e\u305b\u3093\u3002.<\/p>\n<p>\u3053\u306e\u8981\u8acb\u306f\u3001\u3054\u6ce8\u6587\u306e\u53d7\u9818\u304b\u308914\u65e5\u4ee5\u5185\u306b\u884c\u3046\u3053\u3068\u304c\u3067\u304d\u307e\u3059\u3002.<\/p>\n<p>\u30ea\u30af\u30a8\u30b9\u30c8\u306e\u6642\u70b9\u3067\uff1a<br>- \u8fd4\u4e0a\u306e\u7406\u7531\u306f\u5f37\u5236\u3055\u308c\u308b\u3002.<br>- \u30ea\u30af\u30a8\u30b9\u30c8\u306f\u3001\u8fd4\u9001\u3055\u308c\u308b\u524d\u306b\u5f0a\u793e\u30c1\u30fc\u30e0\u306b\u3088\u3063\u3066\u691c\u8a3c\u3055\u308c\u308b\u5fc5\u8981\u304c\u3042\u308a\u307e\u3059\u3002.<\/p>\n<h3>2.\u8fd4\u54c1\u306b\u5fdc\u3058\u308b\u6761\u4ef6<\/h3>\n<p>\u5f0a\u793e\u30c1\u30fc\u30e0\u306b\u3088\u308b\u78ba\u8a8d\u5f8c\u3001\u4ee5\u4e0b\u306e\u30eb\u30fc\u30eb\u306b\u5f93\u3063\u3066\u304a\u8377\u7269\u3092\u3054\u8fd4\u9001\u3044\u305f\u3060\u3051\u307e\u3059\uff1a<br>- \u5c0f\u5305\u306b\u306f\u3001\u304a\u5ba2\u69d8\u306e\u6ce8\u6587\u756a\u53f7\uff08\u7d19\u3001\u30e1\u30e2\u3001\u5370\u5237\u7269\uff09\u304c\u8a18\u8f09\u3055\u308c\u3066\u3044\u306a\u3051\u308c\u3070\u306a\u308a\u307e\u305b\u3093\u3002.<br>- \u5546\u54c1\u306f\u3001\u65b0\u54c1\u3001\u672a\u7740\u7528\u3001\u672a\u6d17\u6fef\u3067\u3001\u30e9\u30d9\u30eb\u304c\u305d\u306e\u307e\u307e\u306e\u3082\u306e\u306b\u9650\u308a\u307e\u3059\u3002.<br>- \u8fd4\u9001\u6599\u306f\u304a\u5ba2\u69d8\u306e\u3054\u8ca0\u62c5\u3068\u306a\u308a\u307e\u3059\uff08RNST-PROPAGANDART\u306b\u8d77\u56e0\u3059\u308b\u30a8\u30e9\u30fc\u3092\u9664\u304f\uff09\u3002<br>- \u4e8b\u524d\u306e\u78ba\u8a8d\u306a\u3057\u306b\u9001\u4ed8\u3055\u308c\u305f\u5c0f\u5305\u3001\u307e\u305f\u306f\u6ce8\u6587\u756a\u53f7\u306e\u306a\u3044\u5c0f\u5305\u306f\u3001\u62d2\u5426\u307e\u305f\u306f\u51e6\u7406\u3055\u308c\u306a\u3044\u5834\u5408\u304c\u3042\u308a\u307e\u3059\u3002.<br><br>\u672a\u627f\u8a8d\u306e\u3082\u306e\u3001\u307e\u305f\u306f\u8eab\u5143\u304c\u78ba\u8a8d\u3067\u304d\u306a\u3044\u8fd4\u54c1\u306f\u304a\u53d7\u3051\u3067\u304d\u307e\u305b\u3093\u3002.<br>\u304a\u8377\u7269\u3092\u53d7\u9818\u5f8c\u3001\u5f53\u793e\u306e\u30ed\u30b8\u30b9\u30c6\u30a3\u30af\u30b9\u30c1\u30fc\u30e0\u304c\u5546\u54c1\u306e\u72b6\u614b\u3092\u78ba\u8a8d\u3057\u307e\u3059\u3002\u305d\u306e\u5f8c\u3001\u6700\u957714\u55b6\u696d\u65e5\u4ee5\u5185\u306b\u8fd4\u91d1\u306e\u624b\u7d9a\u304d\u3092\u884c\u3044\u3001\u8fd4\u91d1\u984d\u304b\u3089\u8fd4\u54c1\u8cbb\u7528\u3092\u5dee\u3057\u5f15\u304b\u305b\u3066\u3044\u305f\u3060\u304d\u307e\u3059\u3002.<\/p>\n<h3>3.\u64a4\u56de\u6a29\uff08\u6cd5\u7684\u60c5\u5831\uff09<\/h3>\n<p>\u30d5\u30e9\u30f3\u30b9\u6d88\u8cbb\u8005\u6cd5\u5178L221-18\u6761\u7b49\u306b\u5f93\u3044\u3001\u304a\u5ba2\u69d8\u306f\u3001\u3054\u6ce8\u6587\u306e\u53d7\u9818\u304b\u308914\u65e5\u4ee5\u5185\u306b\u3001\u6cd5\u7684\u306a\u64a4\u56de\u6a29\u3092\u884c\u4f7f\u3059\u308b\u3053\u3068\u304c\u3067\u304d\u307e\u3059\u3002.<br>\u3053\u306e\u6a29\u5229\u306f\u3001\u4ee5\u4e0b\u306e\u5834\u5408\u306b\u9650\u308a\u3001\u6255\u3044\u623b\u3057\u3092\u53d7\u3051\u308b\u6a29\u5229\u3092\u6709\u3057\u307e\u3059\uff1a<br>- \u672a\u7740\u7528\u3001\u672a\u8a66\u7740\u3001\u672a\u6d17\u6fef\u306e\u5546\u54c1\u3067\u3059\u3001,<br>- \u5546\u54c1\u306f\u53b3\u91cd\u306b\u958b\u68b1\u3055\u308c\u3001\u5143\u306e\u68b1\u5305\u306e\u307e\u307e\u3067\u306a\u3051\u308c\u3070\u306a\u308a\u307e\u305b\u3093\u3001,<br>- \u6b63\u5f0f\u306a\u30ea\u30af\u30a8\u30b9\u30c8\u306fE\u30e1\u30fc\u30eb\u3067\u306e\u307f\u53d7\u3051\u4ed8\u3051\u3066\u3044\u307e\u3059\uff1a <a href=\"mailto:contact@rnst-propagandart.com\"><strong>contact@rnst-propagandart.com<\/strong><\/a><br>- \u4e0b\u8a18\u306e\u8131\u9000\u30d5\u30a9\u30fc\u30e0\u3092\u4f7f\u7528\u3059\u308b\u304b\u3001\u307e\u305f\u306f\u660e\u78ba\u306a\u58f0\u660e\u66f8\u3092\u63d0\u51fa\u3059\u308b\u3002.<br>\u5546\u54c1\u306e\u8a66\u7528\u306e\u305f\u3081\u306b\u64a4\u56de\u6a29\u3092\u4f7f\u7528\u3057\u3066\u306f\u306a\u3089\u306a\u3044\u3002.<br>\u5546\u54c1\u306e\u8fd4\u54c1\u306b\u8981\u3059\u308b\u8cbb\u7528\u306f\u3001\u304a\u5ba2\u69d8\u306e\u8ca0\u62c5\u3068\u3057\u307e\u3059\uff08RNST-PROPAGANDART\u306e\u8cac\u306b\u5e30\u3059\u3079\u304d\u904e\u8aa4\u306e\u5834\u5408\u3092\u9664\u304f\uff09\u3002.<br>\u8fd4\u91d1\u984d\u306b\u306f\u3001\u8fd4\u54c1\u3055\u308c\u305f\u5546\u54c1\u3068\u6700\u521d\u306e\u6a19\u6e96\u914d\u9001\u6599\u304c\u542b\u307e\u308c\u307e\u3059\u3002.<br>\u3053\u308c\u306f\u3001\u8fd4\u54c1\u3092\u53d7\u9818\u3057\u3001\u691c\u54c1\u3057\u3066\u304b\u308914\u65e5\u4ee5\u5185\u306b\u884c\u308f\u308c\u307e\u3059\u3002.<\/p>\n<p><strong style=\"color: #292929;\">\u9000\u4f1a\u30d5\u30a9\u30fc\u30e0\uff1a<\/strong><\/p>\n<p>\u30b3\u30d4\u30fc\uff06\u30da\u30fc\u30b9\u30c8\u3057\u3066E\u30e1\u30fc\u30eb\u3067\u9001\u4fe1 <a href=\"mailto:contact@rnst-propagandart.com\"><strong style=\"caret-color: #000000; color: #000000; letter-spacing: normal;\">contact@rnst-propagandart.com<\/strong><\/a><\/p>\n<p>\u79c1\u306f\u3053\u3053\u306b\u3001\u6ce8\u6587\u306b\u95a2\u3059\u308b\u5951\u7d04\u304b\u3089\u306e\u8131\u9000\u3092\u901a\u77e5\u3057\u307e\u3059\uff1a<br>\u6ce8\u6587\u756a\u53f7\uff1a___________<br>\u53d7\u9818\u65e5\uff1a___ \/ ___ \/ 20__<br>\u6c0f\u540d\uff1a ___________<br>\u4f4f\u6240___________<br>\u8a72\u5f53\u3059\u308b\u88fd\u54c1___________<br>\u4f9d\u983c\u65e5\uff1a___ \/ ___ \/ 20__<\/p>\n<h3>4.\u8ca9\u58f2\u5546\u54c1\u3068\u9650\u5b9a\u7248\u3001\u30a2\u30fc\u30c8\u30dc\u30c3\u30af\u30b9\u4f5c\u54c1<\/h3>\n<p>\u30bb\u30fc\u30eb\u54c1\u3001\u9650\u5b9a\u54c1\u3001\u30a2\u30fc\u30c8\u30dc\u30c3\u30af\u30b9\u306e\u8fd4\u54c1\u30fb\u4ea4\u63db\u306f\u3067\u304d\u307e\u305b\u3093\u3002<\/p>\n<h3>5.\u8fd4\u9001\u5148\u4f4f\u6240<\/h3>\n<p>\u65ad\u7247<br>\u30d0\u30eb\u30c6\u30e9\u30f3\u901a\u308a265<br>73100 \u30d7\u30cb\u30e5\u30fb\u30b7\u30e3\u30c8\u30ce<br>\u30d5\u30e9\u30f3\u30b9<\/p>\n<p>\u30ea\u30af\u30a8\u30b9\u30c8\u3092\u9001\u4fe1\u3059\u308b\u524d\u306b\u3001\u30ea\u30af\u30a8\u30b9\u30c8\u304c\u8a8d\u8a3c\u3055\u308c\u308b\u307e\u3067\u304a\u5f85\u3061\u304f\u3060\u3055\u3044\u3002.<\/p>\n<h3>6.\u52a9\u3051\u304c\u5fc5\u8981\u3067\u3059\u304b\uff1f<\/h3>\n<p>\u8fd4\u54c1\u30fb\u4ea4\u63db\u306b\u95a2\u3059\u308b\u3054\u8cea\u554f\u306f\u3001\u30ab\u30b9\u30bf\u30de\u30fc\u30b5\u30fc\u30d3\u30b9\u307e\u3067\u30e1\u30fc\u30eb\u3067\u304a\u554f\u3044\u5408\u308f\u305b\u304f\u3060\u3055\u3044\u3002\u3053\u3061\u3089\u306e\u30e1\u30fc\u30eb\u30a2\u30c9\u30ec\u30b9\u307e\u3067\u3054\u9023\u7d61\u304f\u3060\u3055\u3044\uff1a\u00a0<strong style=\"caret-color: #000000; color: #000000; letter-spacing: normal;\">contact@rnst-propagandart.com<\/strong><\/p>\n<h4>\u6ce8\u6587\u306b\u554f\u984c\u304c\u3042\u3063\u305f\u5834\u5408\u306f\u3069\u3046\u3059\u308c\u3070\u3088\u3044\u3067\u3059\u304b\uff1f<\/h4>\n<p>\u307e\u305a\u306f\u3058\u3081\u306b\u3001\u3053\u306e\u305f\u3073\u306e\u914d\u9001\u306b\u95a2\u3057\u307e\u3057\u3066\u304a\u8a6b\u3073\u7533\u3057\u4e0a\u3052\u307e\u3059\u3002\u5c0f\u5305\u306e\u3072\u3068\u3064\u3072\u3068\u3064\u306b\u306f\u7d30\u5fc3\u306e\u6ce8\u610f\u3092\u6255\u3063\u3066\u304a\u308a\u307e\u3059\u304c\u3001\u4f55\u304b\u554f\u984c\u304c\u767a\u751f\u3059\u308b\u53ef\u80fd\u6027\u3082\u3054\u3056\u3044\u307e\u3059\u3002\u72b6\u6cc1\u306b\u5fdc\u3058\u3066\u3001\u4ee5\u4e0b\u306e\u624b\u9806\u306b\u5f93\u3063\u3066\u304f\u3060\u3055\u3044\uff1a<br><br><span style=\"color: #292929;\"><strong>\u5c0f\u5305\u306b\u5546\u54c1\u304c\u3042\u308a\u307e\u305b\u3093<\/strong><\/span><\/p>\n<p>\u307e\u305a\u3001\u3054\u6ce8\u6587\u78ba\u8a8d\u30e1\u30fc\u30eb\u306b\u8a18\u8f09\u3055\u308c\u3066\u3044\u308b\u8acb\u6c42\u66f8\u3092\u3054\u78ba\u8a8d\u304f\u3060\u3055\u3044\u3002.<br>\u4e07\u304c\u4e00\u3001\u767a\u9001\u30e1\u30fc\u30eb\u306b\u8a18\u8f09\u3055\u308c\u3066\u3044\u306a\u3044\u5546\u54c1\u304c\u6b20\u54c1\u3057\u3066\u3044\u305f\u5834\u5408\u306f\u3001\u5f0a\u793e\u307e\u3067\u3054\u9023\u7d61\u304f\u3060\u3055\u3044\u3002 <strong><a href=\"https:\/\/rnst-propagandart.com\/ja\/%e3%82%b3%e3%83%b3%e3%82%bf%e3%82%af%e3%83%88\/\">\u30b3\u30f3\u30bf\u30af\u30c8\u30d5\u30a9\u30fc\u30e0<\/a><\/strong> \u3092\u6307\u5b9a\u3057\u3066\u3044\u308b\uff1a<br>- \u6ce8\u6587\u756a\u53f7<br>- \u5931\u308f\u308c\u305f\u88fd\u54c1<br>- \u53d7\u3051\u53d6\u3063\u305f\u5c0f\u5305\u306e\u4e2d\u8eab\u306e\u5199\u771f<br>\u30aa\u30fc\u30c0\u30fc\u30e1\u30a4\u30c9\u306e\u30bd\u30ea\u30e5\u30fc\u30b7\u30e7\u30f3\u3092\u8fc5\u901f\u306b\u3054\u63d0\u4f9b\u3057\u307e\u3059\u3002<\/p>\n<p><span style=\"color: #292929;\"><strong>\u5c0f\u5305\u304c\u7834\u640d\u3057\u3066\u5c4a\u304d\u307e\u3057\u305f<\/strong><\/span><\/p>\n<p>\u6ce8\u6587\u3092\u53d7\u3051\u53d6\u3063\u3066\u304b\u308948\u6642\u9593\u4ee5\u5185\u306b\u3001\u5c0f\u5305\u3092\u53d7\u3051\u53d6\u308a\u6b21\u7b2c\u3001\u4ee5\u4e0b\u306e\u5199\u771f\u3067\u64ae\u5f71\u3057\u3066\u304f\u3060\u3055\u3044\uff1a<br>- \u88fd\u54c1\u306e\u640d\u50b7<br>- \u5c0f\u5305\u306e\u4e2d<br>- \u5c0f\u5305\u306e\u5916\u5074<br>- \u767a\u9001\u30e9\u30d9\u30eb\u304c\u306f\u3063\u304d\u308a\u3068\u898b\u3048\u308b\u5c0f\u5305\u306e\u5916\u5074<br><br>\u4ee5\u4e0b\u306e\u65b9\u6cd5\u3067\u304a\u9001\u308a\u304f\u3060\u3055\u3044\u3002 <strong><a href=\"https:\/\/rnst-propagandart.com\/ja\/%e3%82%b3%e3%83%b3%e3%82%bf%e3%82%af%e3%83%88\/\">\u30b3\u30f3\u30bf\u30af\u30c8\u30d5\u30a9\u30fc\u30e0<\/a><\/strong> \u3092\u6ce8\u6587\u756a\u53f7\u3068\u3068\u3082\u306b\u304a\u9001\u308a\u304f\u3060\u3055\u3044\u3002.<br>\u305d\u306e\u5f8c\u3001\u822a\u7a7a\u4f1a\u793e\u3068\u8abf\u67fb\u3092\u958b\u59cb\u3057\u3001\u3067\u304d\u308b\u3060\u3051\u65e9\u304f\u89e3\u6c7a\u7b56\u3092\u3054\u63d0\u6848\u3044\u305f\u3057\u307e\u3059\u3002.<\/p>\n<p><span style=\"color: #292929;\"><strong>\u88fd\u54c1\u306b\u6b20\u9665\u304c\u3042\u308b\u3068\u601d\u308f\u308c\u308b\u5834\u5408\u3002<\/strong><\/span><\/p>\n<p>\u3054\u9001\u4ed8\u3042\u308a\u304c\u3068\u3046\u3054\u3056\u3044\u307e\u3057\u305f\uff1a<br>- \u5f53\u8a72\u88fd\u54c1\u306e\u5199\u771f<br>- \u767a\u751f\u3057\u305f\u554f\u984c\u306e\u8aac\u660e<br>\u79c1\u305f\u3061\u306e\u30c1\u30fc\u30e0\u304c\u72b6\u6cc1\u3092\u5206\u6790\u3057\u3001\u304a\u5ba2\u69d8\u306e\u4f53\u9a13\u306e\u8cea\u3092\u4fdd\u8a3c\u3057\u307e\u3059\u3002.<\/p>\n<p>\u3053\u308c\u3089\u306e\u8981\u7d20\u306f\u3059\u3079\u3066\u3001\u79c1\u305f\u3061\u304c\u822a\u7a7a\u4f1a\u793e\u306b\u554f\u3044\u5408\u308f\u305b\u3092\u884c\u3044\u3001\u8fc5\u901f\u306b\u89e3\u6c7a\u7b56\u3092\u898b\u3064\u3051\u308b\u305f\u3081\u306b\u4e0d\u53ef\u6b20\u306a\u3082\u306e\u3067\u3059\u3002.<\/p>    <\/div>\n<\/div>\n<!-- \/module text -->        <\/div>\n                        <\/div>\n        <\/div>\n        <\/div>\n<!--\/themify_builder_content-->","protected":false},"excerpt":{"rendered":"<p>RETOURS ET \u00c9CHANGES 1. Faire une demande de retour Avant d\u2019effectuer un retour, il est indispensable de contacter notre service client afin que nous puissions valider ensemble votre demande. Pour cela, il vous sera demand\u00e9 des informations et documents suppl\u00e9mentaires par notre \u00e9quipe. D\u00e8s r\u00e9ception de ces \u00e9l\u00e9ments, notre \u00e9quipe vous confirmera si le retour peut \u00eatre accept\u00e9. Aucun colis envoy\u00e9 sans demande pr\u00e9alable ne pourra \u00eatre trait\u00e9 ou accept\u00e9. Vous disposez de 14 jours apr\u00e8s r\u00e9ception de votre commande pour effectuer cette demande. Lors de votre demande&nbsp;: &#8211; Le motif du retour est obligatoire. &#8211; La demande doit \u00eatre valid\u00e9e par nos \u00e9quipes avant tout renvoi. 2. Conditions d\u2019acceptation [&hellip;]<\/p>\n","protected":false},"author":1,"featured_media":1805,"parent":0,"menu_order":0,"comment_status":"closed","ping_status":"closed","template":"","meta":{"_monsterinsights_skip_tracking":false,"_monsterinsights_sitenote_active":false,"_monsterinsights_sitenote_note":"","_monsterinsights_sitenote_category":0,"footnotes":""},"class_list":["post-821","page","type-page","status-publish","has-post-thumbnail","hentry","has-post-title","has-post-date","has-post-category","has-post-tag","has-post-comment","has-post-author",""],"builder_content":"<h2>RETOURS ET \u00c9CHANGES<\/h2>\n<h3>1. Faire une demande de retour<\/h3> <p>Avant d\u2019effectuer un retour, il est indispensable de contacter notre service client afin que nous puissions valider ensemble votre demande.<br>Pour cela, il vous sera demand\u00e9 des informations et documents suppl\u00e9mentaires par notre \u00e9quipe. D\u00e8s r\u00e9ception de ces \u00e9l\u00e9ments, notre \u00e9quipe vous confirmera si le retour peut \u00eatre accept\u00e9. Aucun colis envoy\u00e9 sans demande pr\u00e9alable ne pourra \u00eatre trait\u00e9 ou accept\u00e9.<\/p> <p>Vous disposez de 14 jours apr\u00e8s r\u00e9ception de votre commande pour effectuer cette demande.<\/p> <p>Lors de votre demande :<br>- Le motif du retour est obligatoire.<br>- La demande doit \u00eatre valid\u00e9e par nos \u00e9quipes avant tout renvoi.<\/p> <h3>2. Conditions d\u2019acceptation du retour<\/h3> <p>Une fois votre demande valid\u00e9e par nos \u00e9quipes, vous pouvez renvoyer votre colis en respectant les r\u00e8gles suivantes :<br>- Le colis doit obligatoirement contenir le num\u00e9ro de votre commande (papier, note ou impression).<br>- Les produits doivent \u00eatre neufs, non port\u00e9s, non lav\u00e9s, avec leurs \u00e9tiquettes intactes.<br>- Les frais de retour sont \u00e0 la charge du client (hors erreur imputable \u00e0 RNST-PROPAGANDART)<br>- Tout colis envoy\u00e9 sans validation pr\u00e9alable ou sans num\u00e9ro de commande pourra \u00eatre refus\u00e9 ou non trait\u00e9.<br><br>Aucun retour non autoris\u00e9 ou non identifiable ne pourra \u00eatre pris en charge.<br>Une fois votre colis re\u00e7u, notre \u00e9quipe logistique proc\u00e9dera \u00e0 une v\u00e9rification de l\u2019\u00e9tat des produits. Le remboursement sera ensuite d\u00e9clench\u00e9 dans un d\u00e9lai maximum de 14 jours ouvr\u00e9s et les frais de retour seront d\u00e9duits du montant rembours\u00e9.<\/p> <h3>3. Droit de r\u00e9tractation (information l\u00e9gale)<\/h3> <p>Conform\u00e9ment aux articles L221-18 et suivants du Code de la consommation, vous disposez d\u2019un d\u00e9lai l\u00e9gal de 14 jours \u00e0 compter de la r\u00e9ception de votre commande pour exercer votre droit de r\u00e9tractation.<br>Ce droit permet un remboursement, \u00e0 condition que :<br>- L\u2019article n\u2019ait pas \u00e9t\u00e9 port\u00e9, essay\u00e9 ou lav\u00e9,<br>- L\u2019article soit strictement non d\u00e9ball\u00e9, avec son emballage d\u2019origine intact,<br>- Vous envoyiez une demande formelle par email uniquement : <a href=\"mailto:contact@rnst-propagandart.com\"><strong>contact@rnst-propagandart.com<\/strong><\/a><br>- Vous utilisiez le formulaire de r\u00e9tractation ci-dessous ou une d\u00e9claration claire.<br>Le droit de r\u00e9tractation ne doit pas \u00eatre utilis\u00e9 pour essayer un article.<br>Les frais de retour sont \u00e0 la charge du client (hors erreur imputable \u00e0 RNST-PROPAGANDART).<br>Le remboursement inclut les articles retourn\u00e9s ainsi que les frais de livraison standard initiaux.<br>Il sera effectu\u00e9 dans un d\u00e9lai de 14 jours apr\u00e8s r\u00e9ception et contr\u00f4le du retour.<\/p> <p><strong style=\"color: #292929;\">Formulaire de r\u00e9tractation :<\/strong><\/p> <p>\u00c0 copier-coller et envoyer par email \u00e0 <a href=\"mailto:contact@rnst-propagandart.com\"><strong style=\"caret-color: #000000; color: #000000; letter-spacing: normal;\">contact@rnst-propagandart.com<\/strong><\/a><\/p> <p>Je vous notifie par la pr\u00e9sente ma r\u00e9tractation du contrat portant sur la commande :<br>Num\u00e9ro de commande : ___________<br>Re\u00e7ue le : ___ \/ ___ \/ 20__<br>Nom : ___________<br>Adresse : ___________<br>Produits concern\u00e9s : ___________<br>Date de la demande : ___ \/ ___ \/ 20__<\/p> <h3>4. Produits sold\u00e9s et les \u00e9ditions limit\u00e9es, coffrets \u0153uvre d\u2019art<\/h3> <p>Les produits sold\u00e9s et les \u00e9ditions limit\u00e9es, coffrets \u0153uvre d\u2019art ne sont ni repris ni \u00e9chang\u00e9s<\/p> <h3>5. Adresse de retour<\/h3> <p>Fragment<br>265 route des Bartelins<br>73100 Pugny Chatenod<br>France<\/p> <p>Veuillez attendre la validation de votre demande avant tout envoi.<\/p> <h3>6. Besoin d\u2019aide ?<\/h3> <p>Notre service client est disponible \u00e0 email pour toute question relative \u00e0 vos retours ou \u00e9changes. Contactez-nous \u00e0 cette adresse mail :\u00a0<strong style=\"caret-color: #000000; color: #000000; letter-spacing: normal;\">contact@rnst-propagandart.com<\/strong><\/p> <h4>Comment puis-je faire si ma commande pr\u00e9sente un souci ?<\/h4> <p>D\u2019abord toutes nos excuses si votre exp\u00e9rience de livraison n\u2019a pas \u00e9t\u00e9 \u00e0 la hauteur. Chaque colis est pr\u00e9par\u00e9 avec soin, mais un al\u00e9a peut toujours survenir et nous sommes l\u00e0 pour vous accompagner. Voici la marche \u00e0 suivre selon le cas rencontr\u00e9 :<br><br><strong>Il manque un produit dans mon colis<\/strong><\/p> <p>Tout d'abord v\u00e9rifier votre facture re\u00e7ue dans votre email de confirmation de commande.<br>Si un article est absent sans mention dans le mail d\u2019exp\u00e9dition, contactez-nous via notre <strong><a href=\"https:\/\/rnst-propagandart.com\/contact\/\">formulaire de contact<\/a><\/strong> en pr\u00e9cisant :<br>- Le num\u00e9ro de commande<br>- Le produit manquant<br>- Une photo du contenu du colis re\u00e7u<br>Nous vous r\u00e9pondrons rapidement avec une solution adapt\u00e9e<\/p> <p><strong>Mon colis est arriv\u00e9 endommag\u00e9<\/strong><\/p> <p>Prenez des photos du colis \u00e0 r\u00e9ception dans les 48 heures apr\u00e8s r\u00e9ception de la commande avec les photos suivantes :<br>- Les dommages constat\u00e9s sur le produit<br>- L\u2019int\u00e9rieur du colis<br>- L\u2019ext\u00e9rieur du colis<br>- L\u2019ext\u00e9rieur du colis avec l\u2019\u00e9tiquette d\u2019exp\u00e9dition bien lisible<br><br>Envoyez-les-nous via le <strong><a href=\"https:\/\/rnst-propagandart.com\/contact\/\">formulaire de contact<\/a><\/strong> avec votre num\u00e9ro de commande.<br>Nous pourrons ainsi ouvrir une enqu\u00eate aupr\u00e8s du transporteur et vous proposer une solution dans les plus brefs d\u00e9lais.<\/p> <p><strong>Le produit semble d\u00e9fectueux ou pr\u00e9sente un d\u00e9faut<\/strong><\/p> <p>Merci de nous transmettre :<br>- Une photo du produit concern\u00e9<br>- Une description du probl\u00e8me rencontr\u00e9<br>Notre \u00e9quipe analysera la situation pour garantir la qualit\u00e9 de votre exp\u00e9rience.<\/p> <p>L'ensemble de ces \u00e9l\u00e9ments sont indispensables pour que nous puissions ouvrir une enqu\u00eate aupr\u00e8s du transporteur et trouver une solution rapidement.<\/p>","_links":{"self":[{"href":"https:\/\/rnst-propagandart.com\/ja\/wp-json\/wp\/v2\/pages\/821","targetHints":{"allow":["GET"]}}],"collection":[{"href":"https:\/\/rnst-propagandart.com\/ja\/wp-json\/wp\/v2\/pages"}],"about":[{"href":"https:\/\/rnst-propagandart.com\/ja\/wp-json\/wp\/v2\/types\/page"}],"author":[{"embeddable":true,"href":"https:\/\/rnst-propagandart.com\/ja\/wp-json\/wp\/v2\/users\/1"}],"replies":[{"embeddable":true,"href":"https:\/\/rnst-propagandart.com\/ja\/wp-json\/wp\/v2\/comments?post=821"}],"version-history":[{"count":5,"href":"https:\/\/rnst-propagandart.com\/ja\/wp-json\/wp\/v2\/pages\/821\/revisions"}],"predecessor-version":[{"id":2071,"href":"https:\/\/rnst-propagandart.com\/ja\/wp-json\/wp\/v2\/pages\/821\/revisions\/2071"}],"wp:featuredmedia":[{"embeddable":true,"href":"https:\/\/rnst-propagandart.com\/ja\/wp-json\/wp\/v2\/media\/1805"}],"wp:attachment":[{"href":"https:\/\/rnst-propagandart.com\/ja\/wp-json\/wp\/v2\/media?parent=821"}],"curies":[{"name":"wp","href":"https:\/\/api.w.org\/{rel}","templated":true}]}}