{"id":968,"date":"2025-12-08T12:55:08","date_gmt":"2025-12-08T11:55:08","guid":{"rendered":"https:\/\/rnst-propagandart.com\/?post_type=product&#038;p=968"},"modified":"2026-03-07T20:43:45","modified_gmt":"2026-03-07T19:43:45","slug":"%e3%82%b3%e3%83%ac%e3%82%af%e3%82%bf%e3%83%bc%e3%82%ba%e3%83%91%e3%83%83%e3%82%af","status":"publish","type":"product","link":"https:\/\/rnst-propagandart.com\/ja\/produit\/pack-collector\/","title":{"rendered":"\u30b3\u30ec\u30af\u30bf\u30fc\u30ba\u30fb\u30d1\u30c3\u30af"},"content":{"rendered":"<p><span data-sheets-root=\"1\">\u30ec\u30c3\u30c8\u30fb\u30df\u30fc\u30fb\u30b7\u30e3\u30a4\u30f3\u306f\u30d5\u30e9\u30f3\u30b9\u3067180gsm\u306e\u30b3\u30c3\u30c8\u30f3\u306b\u30b9\u30af\u30ea\u30fc\u30f3\u30d7\u30ea\u30f3\u30c8\u3055\u308c\u305fRNST\u306e\u30c7\u30b6\u30a4\u30f3\u3002.<br \/>\n\u30ed\u30f3\u30b0\u4e08\u306e\u30e6\u30cb\u30bb\u30c3\u30af\u30b9\u30ab\u30c3\u30c8\u3001\u30ea\u30d6\u7de8\u307f\u306e\u895f\u3001\u30b8\u30e3\u30fc\u30b8\u30fc\u7d20\u6750\u306e\u30c8\u30ea\u30e0\u3001\u30c0\u30d6\u30eb\u30b9\u30c6\u30c3\u30c1\u306b\u3088\u308a\u3001\u5feb\u9069\u306a\u7740\u5fc3\u5730\u3068\u8010\u4e45\u6027\u304c\u9577\u6301\u3061\u3059\u308b\u3002.<br \/>\n\u5358\u306a\u308bT\u30b7\u30e3\u30c4\u3067\u306f\u306a\u304f\u3001\u8272\u3092\u8eab\u306b\u307e\u3068\u3044\u3001\u8868\u73fe\u3092\u4e3b\u5f35\u3057\u3001\u8db3\u8de1\u3092\u6b8b\u3059\u3001\u30b9\u30c6\u30fc\u30c8\u30e1\u30f3\u30c8\u30fb\u30d4\u30fc\u30b9\u306a\u306e\u3060\u3002.<br \/>\n\u7167\u660e\u306b\u5de6\u53f3\u3055\u308c\u308b\u306e\u3067\u306f\u306a\u304f\u3001\u7a7a\u9593\u3092\u7167\u3089\u3059\u3053\u3068\u3092\u9078\u3076\u4eba\u306e\u305f\u3081\u306e\u30c7\u30b6\u30a4\u30f3\u3002.<br \/>\n\u30a2\u30fc\u30c8\u306f\u30eb\u30fc\u30eb\u3092\u7834\u308b\u3002.<\/span><\/p>","protected":false},"excerpt":{"rendered":"<p><span data-sheets-root=\"1\">Plus qu\u2019un coffret&nbsp;: une \u0153uvre.<br \/>\n40\u90e8\u306e\u307f\u3002.<br \/>\nChaque box est peinte \u00e0 la main par RNST, comme une toile&nbsp;: une pi\u00e8ce unique, encadrable, aucune identique.<br \/>\n\u00c0 l\u2019int\u00e9rieur&nbsp;: un tee-shirt s\u00e9rigraphi\u00e9 main, une affiche sign\u00e9e\/num\u00e9rot\u00e9e, une carte, 4 stickers, une broche Propagandart.<br \/>\nUne fois \u00e9puis\u00e9&nbsp;: jamais r\u00e9\u00e9dit\u00e9.<br \/>\n<\/span><\/p>\n<p><span data-sheets-root=\"1\">Tee-shirt &#8220;Let Me Shine&#8221;&nbsp;: quand la couleur s\u2019invite l\u00e0 o\u00f9 la ville s\u2019\u00e9puise en gris.<br \/>\n\u81ea\u7531\u304c\u7206\u767a\u3057\u305f\u3088\u3046\u306aRNST\u306e\u30c9\u30ed\u30fc\u30a4\u30f3\u30b0\u3001,<br \/>\n\u58c1\u3068\u76ee\u306b\u5149\u3092\u3002.<br \/>\n\u30a2\u30fc\u30c8\u306f\u30eb\u30fc\u30eb\u3092\u7834\u308b\u3002.<\/span><\/p>","protected":false},"featured_media":1859,"template":"","meta":{"_monsterinsights_skip_tracking":false,"_monsterinsights_sitenote_active":false,"_monsterinsights_sitenote_note":"","_monsterinsights_sitenote_category":0},"product_brand":[],"product_cat":[35,62],"product_tag":[68],"class_list":{"0":"post-968","1":"product","2":"type-product","3":"status-publish","4":"has-post-thumbnail","6":"product_cat-adultes","7":"product_cat-collectors","8":"product_tag-serigraphie","9":"product_shipping_class-textiles","10":"has-post-title","11":"has-post-date","12":"has-post-category","13":"has-post-tag","14":"has-post-comment","15":"has-post-author","16":"","18":"first","19":"instock","20":"taxable","21":"shipping-taxable","22":"purchasable","23":"product-type-variable","24":"has-default-attributes"},"builder_content":"","_links":{"self":[{"href":"https:\/\/rnst-propagandart.com\/ja\/wp-json\/wp\/v2\/product\/968","targetHints":{"allow":["GET"]}}],"collection":[{"href":"https:\/\/rnst-propagandart.com\/ja\/wp-json\/wp\/v2\/product"}],"about":[{"href":"https:\/\/rnst-propagandart.com\/ja\/wp-json\/wp\/v2\/types\/product"}],"wp:featuredmedia":[{"embeddable":true,"href":"https:\/\/rnst-propagandart.com\/ja\/wp-json\/wp\/v2\/media\/1859"}],"wp:attachment":[{"href":"https:\/\/rnst-propagandart.com\/ja\/wp-json\/wp\/v2\/media?parent=968"}],"wp:term":[{"taxonomy":"product_brand","embeddable":true,"href":"https:\/\/rnst-propagandart.com\/ja\/wp-json\/wp\/v2\/product_brand?post=968"},{"taxonomy":"product_cat","embeddable":true,"href":"https:\/\/rnst-propagandart.com\/ja\/wp-json\/wp\/v2\/product_cat?post=968"},{"taxonomy":"product_tag","embeddable":true,"href":"https:\/\/rnst-propagandart.com\/ja\/wp-json\/wp\/v2\/product_tag?post=968"}],"curies":[{"name":"wp","href":"https:\/\/api.w.org\/{rel}","templated":true}]}}